{"id":3,"date":"2024-01-28T11:45:32","date_gmt":"2024-01-28T11:45:32","guid":{"rendered":"https:\/\/phenomenal-kinkajou-63d47d.instawp.xyz\/?page_id=3"},"modified":"2024-08-03T12:15:08","modified_gmt":"2024-08-03T12:15:08","slug":"privacy-policy","status":"publish","type":"page","link":"https:\/\/tpshowcase.supserv.cozmoslabs.com\/it\/privacy-policy\/","title":{"rendered":"Informativa sulla privacy"},"content":{"rendered":"<p>Ultimo aggiornamento il 03-ago-2024<br>Data di entrata in vigore 03-agosto-2024<\/p>\n\n\n\n<p>La presente Informativa sulla privacy descrive le politiche di John Fraskos, Agios Nikolaos Kanalia, Isole Ionie 49100, Grecia, e-mail: hello@johnfraskos.com, telefono: +30 6948306051 sulla raccolta, l'uso e la divulgazione delle informazioni dell'utente che vengono raccolte quando si utilizza il nostro sito web ( https:\/\/johnfraskos.com ). (il \u201cServizio\u201d). Accedendo o utilizzando il Servizio, l'utente acconsente alla raccolta, all'utilizzo e alla divulgazione delle proprie informazioni in conformit\u00e0 alla presente Informativa sulla privacy. Se non si acconsente a ci\u00f2, si prega di non accedere o utilizzare il Servizio.<\/p>\n\n\n\n<p><br>Possiamo modificare la presente Informativa sulla privacy in qualsiasi momento senza preavviso e pubblicheremo l'Informativa sulla privacy rivista sul Servizio. L'Informativa modificata entrer\u00e0 in vigore 180 giorni dopo la pubblicazione dell'Informativa modificata nel Servizio e l'accesso o l'utilizzo continuato del Servizio da parte dell'utente dopo tale data costituir\u00e0 l'accettazione dell'Informativa modificata. Si consiglia pertanto di rivedere periodicamente questa pagina.<\/p>\n\n\n\n<h3 class=\"wp-block-heading\">Informazioni raccolte:<\/h3>\n\n\n\n<p>Raccoglieremo ed elaboreremo le seguenti informazioni personali sull'utente:<\/p>\n\n\n\n<ul class=\"wp-block-list\">\n<li>Nome<\/li>\n\n\n\n<li>Email<\/li>\n<\/ul>\n\n\n\n<h3 class=\"wp-block-heading\">Come utilizziamo le vostre informazioni:<\/h3>\n\n\n\n<p>Utilizzeremo le informazioni che raccogliamo su di voi per i seguenti scopi:<\/p>\n\n\n\n<ul class=\"wp-block-list\">\n<li>Marketing\/Promozionale<\/li>\n\n\n\n<li>Testimonianze<\/li>\n\n\n\n<li>Info sull'amministrazione<\/li>\n\n\n\n<li>Protezione del sito<\/li>\n<\/ul>\n\n\n\n<p><br>Se desideriamo utilizzare le vostre informazioni per qualsiasi altro scopo, vi chiederemo il consenso e utilizzeremo le vostre informazioni solo dopo aver ricevuto il vostro consenso e, quindi, solo per lo scopo o gli scopi per i quali abbiamo concesso il consenso, a meno che non ci venga richiesto di fare altrimenti per legge.<\/p>\n\n\n\n<h3 class=\"wp-block-heading\">Come condividiamo le vostre informazioni<\/h3>\n\n\n\n<p>Non trasferiremo i vostri dati personali a terzi senza richiedere il vostro consenso, salvo in circostanze limitate come descritto di seguito:<\/p>\n\n\n\n<h3 class=\"wp-block-heading\">Analisi<\/h3>\n\n\n\n<p>Richiediamo a tali terze parti di utilizzare le informazioni personali che trasferiamo loro solo per lo scopo per cui sono state trasferite e di non conservarle pi\u00f9 a lungo di quanto sia necessario per soddisfare tale scopo.<\/p>\n\n\n\n<p><br>Possiamo inoltre divulgare le informazioni personali dell'utente per quanto segue: (1) per ottemperare a leggi, regolamenti, ordini del tribunale o altri procedimenti legali; (2) per far rispettare i contratti stipulati con noi, compresa la presente Informativa sulla privacy; o (3) per rispondere a richieste di risarcimento per l'utilizzo del Servizio da parte dell'utente in violazione di diritti di terzi. Se il Servizio o la nostra societ\u00e0 vengono fusi o acquisiti con un'altra societ\u00e0, le vostre informazioni saranno uno dei beni trasferiti al nuovo proprietario.<\/p>\n\n\n\n<h3 class=\"wp-block-heading\">Conservazione delle informazioni<\/h3>\n\n\n\n<p>Conserveremo le informazioni personali dell'utente per un periodo compreso tra 90 giorni e 2 anni dopo la chiusura dell'account o per tutto il tempo necessario a soddisfare gli scopi per cui sono state raccolte, come specificato nella presente Informativa sulla privacy. Potremmo aver bisogno di conservare alcune informazioni per periodi pi\u00f9 lunghi, ad esempio per la conservazione dei dati\/relazioni in conformit\u00e0 con la legge applicabile o per altri motivi legittimi come l'applicazione dei diritti legali, la prevenzione delle frodi, ecc. Le informazioni anonime residue e le informazioni aggregate, che non identificano l'utente (direttamente o indirettamente), possono essere conservate a tempo indeterminato.<\/p>\n\n\n\n<h3 class=\"wp-block-heading\">I vostri diritti<\/h3>\n\n\n\n<p>A seconda della legge applicabile, l'utente pu\u00f2 avere il diritto di accedere ai propri dati personali, di rettificarli o cancellarli o di riceverne una copia, di limitare o opporsi al trattamento attivo dei propri dati, di chiederci di condividere (trasferire) i propri dati personali a un'altra entit\u00e0, di revocare il consenso al trattamento dei propri dati fornito dall'utente, di presentare un reclamo a un'autorit\u00e0 legale e di esercitare gli altri diritti previsti dalle leggi applicabili. Per esercitare questi diritti, potete scriverci all'indirizzo hello@johnfraskos.com. Risponderemo alla vostra richiesta in conformit\u00e0 alla legge applicabile.<br>\u00c8 possibile rinunciare alle comunicazioni di marketing diretto o alla profilazione da noi effettuata per finalit\u00e0 di marketing scrivendoci a hello@johnfraskos.com.<\/p>\n\n\n\n<p><br>Tenete presente che se non ci consentite di raccogliere o elaborare le informazioni personali richieste o ritirate il consenso all'elaborazione delle stesse per gli scopi richiesti, potreste non essere in grado di accedere o utilizzare i servizi per i quali sono state richieste le vostre informazioni.<\/p>\n\n\n\n<h3 class=\"wp-block-heading\">Cookie e cos\u00ec via.<\/h3>\n\n\n\n<p>Per saperne di pi\u00f9 su come utilizziamo queste tecnologie e sulle vostre scelte in relazione a tali tecnologie di tracciamento, consultate il nostro sito web <a href=\"https:\/\/johnfraskos.com\/cookie-policy\/\">Informativa sui cookie<\/a>.<\/p>\n\n\n\n<h2 class=\"wp-block-heading\">Sicurezza<\/h2>\n\n\n\n<p>La sicurezza delle vostre informazioni \u00e8 importante per noi e utilizzeremo misure di sicurezza ragionevoli per prevenire la perdita, l'uso improprio o l'alterazione non autorizzata delle vostre informazioni sotto il nostro controllo. Tuttavia, dati i rischi intrinseci, non possiamo garantire la sicurezza assoluta e, di conseguenza, non possiamo assicurare o garantire la sicurezza delle informazioni che ci trasmettete e lo fate a vostro rischio e pericolo.<\/p>\n\n\n\n<h3 class=\"wp-block-heading\">Link di terze parti e uso dei vostri dati<\/h3>\n\n\n\n<p>Il nostro Servizio pu\u00f2 contenere link ad altri siti web che non sono gestiti da noi. La presente Informativa sulla privacy non riguarda l'informativa sulla privacy e le altre pratiche di terzi, compresi i terzi che gestiscono siti web o servizi accessibili tramite un link del Servizio. Consigliamo vivamente all'utente di prendere visione dell'informativa sulla privacy di ogni sito visitato. Non abbiamo alcun controllo e non ci assumiamo alcuna responsabilit\u00e0 per il contenuto, le politiche sulla privacy o le pratiche di siti o servizi di terzi.<\/p>\n\n\n\n<h3 class=\"wp-block-heading\">Responsabile dei reclami e della protezione dei dati:<\/h3>\n\n\n\n<p>Se avete domande o dubbi sul trattamento delle vostre informazioni che sono disponibili presso di noi, potete inviare un'e-mail al nostro Grievance Officer all'indirizzo John Fraskos, Agios Nikolaos Kanalia, e-mail: hello@johnfraskos.com. Risponderemo alle vostre preoccupazioni in conformit\u00e0 con la legge applicabile.<\/p>","protected":false},"excerpt":{"rendered":"<p>Last Updated On 03-Aug-2024Effective Date 03-Aug-2024 This Privacy Policy describes the policies of John Fraskos, Agios Nikolaos Kanalia, Ionian Islands 49100, Greece, email: hello@johnfraskos.com, phone: +30 6948306051 on the collection, use and disclosure of your information that we collect when you use our website ( https:\/\/johnfraskos.com ). (the \u201cService\u201d). By accessing or using the Service, [&hellip;]<\/p>\n","protected":false},"author":1,"featured_media":0,"parent":0,"menu_order":0,"comment_status":"closed","ping_status":"open","template":"","meta":{"footnotes":""},"class_list":["post-3","page","type-page","status-publish","hentry"],"yoast_head":"<!-- This site is optimized with the Yoast SEO plugin v27.5 - https:\/\/yoast.com\/product\/yoast-seo-wordpress\/ -->\n<title>Privacy Policy - Architect studio<\/title>\n<meta name=\"robots\" content=\"noindex, follow, max-snippet:-1, max-image-preview:large, max-video-preview:-1\" \/>\n<meta property=\"og:locale\" content=\"it_IT\" \/>\n<meta property=\"og:type\" content=\"article\" \/>\n<meta property=\"og:title\" content=\"Privacy Policy - Architect studio\" \/>\n<meta property=\"og:description\" content=\"Last Updated On 03-Aug-2024Effective Date 03-Aug-2024 This Privacy Policy describes the policies of John Fraskos, Agios Nikolaos Kanalia, Ionian Islands 49100, Greece, email: hello@johnfraskos.com, phone: +30 6948306051 on the collection, use and disclosure of your information that we collect when you use our website ( https:\/\/johnfraskos.com ). (the \u201cService\u201d). By accessing or using the Service, [&hellip;]\" \/>\n<meta property=\"og:url\" content=\"https:\/\/tpshowcase.supserv.cozmoslabs.com\/it\/privacy-policy\/\" \/>\n<meta property=\"og:site_name\" content=\"Architect studio\" \/>\n<meta property=\"article:modified_time\" content=\"2024-08-03T12:15:08+00:00\" \/>\n<meta name=\"twitter:card\" content=\"summary_large_image\" \/>\n<meta name=\"twitter:label1\" content=\"Tempo di lettura stimato\" \/>\n\t<meta name=\"twitter:data1\" content=\"4 minuti\" \/>\n<script type=\"application\/ld+json\" class=\"yoast-schema-graph\">{\"@context\":\"https:\\\/\\\/schema.org\",\"@graph\":[{\"@type\":\"WebPage\",\"@id\":\"https:\\\/\\\/tpshowcase.supserv.cozmoslabs.com\\\/privacy-policy\\\/\",\"url\":\"https:\\\/\\\/tpshowcase.supserv.cozmoslabs.com\\\/privacy-policy\\\/\",\"name\":\"Privacy Policy - Architect studio\",\"isPartOf\":{\"@id\":\"https:\\\/\\\/tpshowcase.supserv.cozmoslabs.com\\\/#website\"},\"datePublished\":\"2024-01-28T11:45:32+00:00\",\"dateModified\":\"2024-08-03T12:15:08+00:00\",\"breadcrumb\":{\"@id\":\"https:\\\/\\\/tpshowcase.supserv.cozmoslabs.com\\\/privacy-policy\\\/#breadcrumb\"},\"inLanguage\":\"it-IT\",\"potentialAction\":[{\"@type\":\"ReadAction\",\"target\":[\"https:\\\/\\\/tpshowcase.supserv.cozmoslabs.com\\\/privacy-policy\\\/\"]}]},{\"@type\":\"BreadcrumbList\",\"@id\":\"https:\\\/\\\/tpshowcase.supserv.cozmoslabs.com\\\/privacy-policy\\\/#breadcrumb\",\"itemListElement\":[{\"@type\":\"ListItem\",\"position\":1,\"name\":\"Home\",\"item\":\"https:\\\/\\\/tpshowcase.supserv.cozmoslabs.com\\\/\"},{\"@type\":\"ListItem\",\"position\":2,\"name\":\"Privacy Policy\"}]},{\"@type\":\"WebSite\",\"@id\":\"https:\\\/\\\/tpshowcase.supserv.cozmoslabs.com\\\/#website\",\"url\":\"https:\\\/\\\/tpshowcase.supserv.cozmoslabs.com\\\/\",\"name\":\"Architect studio\",\"description\":\"\",\"potentialAction\":[{\"@type\":\"SearchAction\",\"target\":{\"@type\":\"EntryPoint\",\"urlTemplate\":\"https:\\\/\\\/tpshowcase.supserv.cozmoslabs.com\\\/?s={search_term_string}\"},\"query-input\":{\"@type\":\"PropertyValueSpecification\",\"valueRequired\":true,\"valueName\":\"search_term_string\"}}],\"inLanguage\":\"it-IT\"}]}<\/script>\n<!-- \/ Yoast SEO plugin. -->","yoast_head_json":{"title":"Privacy Policy - Architect studio","robots":{"index":"noindex","follow":"follow","max-snippet":"max-snippet:-1","max-image-preview":"max-image-preview:large","max-video-preview":"max-video-preview:-1"},"og_locale":"it_IT","og_type":"article","og_title":"Privacy Policy - Architect studio","og_description":"Last Updated On 03-Aug-2024Effective Date 03-Aug-2024 This Privacy Policy describes the policies of John Fraskos, Agios Nikolaos Kanalia, Ionian Islands 49100, Greece, email: hello@johnfraskos.com, phone: +30 6948306051 on the collection, use and disclosure of your information that we collect when you use our website ( https:\/\/johnfraskos.com ). (the \u201cService\u201d). By accessing or using the Service, [&hellip;]","og_url":"https:\/\/tpshowcase.supserv.cozmoslabs.com\/it\/privacy-policy\/","og_site_name":"Architect studio","article_modified_time":"2024-08-03T12:15:08+00:00","twitter_card":"summary_large_image","twitter_misc":{"Tempo di lettura stimato":"4 minuti"},"schema":{"@context":"https:\/\/schema.org","@graph":[{"@type":"WebPage","@id":"https:\/\/tpshowcase.supserv.cozmoslabs.com\/privacy-policy\/","url":"https:\/\/tpshowcase.supserv.cozmoslabs.com\/privacy-policy\/","name":"Privacy Policy - Architect studio","isPartOf":{"@id":"https:\/\/tpshowcase.supserv.cozmoslabs.com\/#website"},"datePublished":"2024-01-28T11:45:32+00:00","dateModified":"2024-08-03T12:15:08+00:00","breadcrumb":{"@id":"https:\/\/tpshowcase.supserv.cozmoslabs.com\/privacy-policy\/#breadcrumb"},"inLanguage":"it-IT","potentialAction":[{"@type":"ReadAction","target":["https:\/\/tpshowcase.supserv.cozmoslabs.com\/privacy-policy\/"]}]},{"@type":"BreadcrumbList","@id":"https:\/\/tpshowcase.supserv.cozmoslabs.com\/privacy-policy\/#breadcrumb","itemListElement":[{"@type":"ListItem","position":1,"name":"Home","item":"https:\/\/tpshowcase.supserv.cozmoslabs.com\/"},{"@type":"ListItem","position":2,"name":"Privacy Policy"}]},{"@type":"WebSite","@id":"https:\/\/tpshowcase.supserv.cozmoslabs.com\/#website","url":"https:\/\/tpshowcase.supserv.cozmoslabs.com\/","name":"Studio di architettura","description":"","potentialAction":[{"@type":"SearchAction","target":{"@type":"EntryPoint","urlTemplate":"https:\/\/tpshowcase.supserv.cozmoslabs.com\/?s={search_term_string}"},"query-input":{"@type":"PropertyValueSpecification","valueRequired":true,"valueName":"search_term_string"}}],"inLanguage":"it-IT"}]}},"_links":{"self":[{"href":"https:\/\/tpshowcase.supserv.cozmoslabs.com\/it\/wp-json\/wp\/v2\/pages\/3","targetHints":{"allow":["GET"]}}],"collection":[{"href":"https:\/\/tpshowcase.supserv.cozmoslabs.com\/it\/wp-json\/wp\/v2\/pages"}],"about":[{"href":"https:\/\/tpshowcase.supserv.cozmoslabs.com\/it\/wp-json\/wp\/v2\/types\/page"}],"author":[{"embeddable":true,"href":"https:\/\/tpshowcase.supserv.cozmoslabs.com\/it\/wp-json\/wp\/v2\/users\/1"}],"replies":[{"embeddable":true,"href":"https:\/\/tpshowcase.supserv.cozmoslabs.com\/it\/wp-json\/wp\/v2\/comments?post=3"}],"version-history":[{"count":0,"href":"https:\/\/tpshowcase.supserv.cozmoslabs.com\/it\/wp-json\/wp\/v2\/pages\/3\/revisions"}],"wp:attachment":[{"href":"https:\/\/tpshowcase.supserv.cozmoslabs.com\/it\/wp-json\/wp\/v2\/media?parent=3"}],"curies":[{"name":"wp","href":"https:\/\/api.w.org\/{rel}","templated":true}]}}