{"id":61,"date":"2024-03-10T14:07:42","date_gmt":"2024-03-10T14:07:42","guid":{"rendered":"https:\/\/phenomenal-kinkajou-63d47d.instawp.xyz\/?page_id=61"},"modified":"2025-10-22T13:43:34","modified_gmt":"2025-10-22T13:43:34","slug":"contact","status":"publish","type":"page","link":"https:\/\/tpshowcase.supserv.cozmoslabs.com\/es\/contact\/","title":{"rendered":"Cont\u00e1ctanos"},"content":{"rendered":"\t\t<div data-elementor-type=\"wp-page\" data-elementor-id=\"61\" class=\"elementor elementor-61\" data-elementor-post-type=\"page\">\n\t\t\t\t<div class=\"elementor-element elementor-element-85fc413 e-flex e-con-boxed e-con e-parent\" data-id=\"85fc413\" data-element_type=\"container\" data-e-type=\"container\" data-settings=\"{&quot;background_background&quot;:&quot;classic&quot;}\">\n\t\t\t\t\t<div class=\"e-con-inner\">\n\t\t<div class=\"elementor-element elementor-element-890e04e e-con-full e-flex e-con e-child\" data-id=\"890e04e\" data-element_type=\"container\" data-e-type=\"container\">\n\t\t\t\t<div class=\"elementor-element elementor-element-0ba7be0 elementor-widget elementor-widget-heading\" data-id=\"0ba7be0\" data-element_type=\"widget\" data-e-type=\"widget\" data-widget_type=\"heading.default\">\n\t\t\t\t<div class=\"elementor-widget-container\">\n\t\t\t\t\t<h1 class=\"elementor-heading-title elementor-size-default\">Contact<\/h1>\t\t\t\t<\/div>\n\t\t\t\t<\/div>\n\t\t\t\t<\/div>\n\t\t\t\t\t<\/div>\n\t\t\t\t<\/div>\n\t\t<div class=\"elementor-element elementor-element-b9239b6 e-flex e-con-boxed e-con e-parent\" data-id=\"b9239b6\" data-element_type=\"container\" data-e-type=\"container\" data-settings=\"{&quot;background_background&quot;:&quot;classic&quot;}\">\n\t\t\t\t\t<div class=\"e-con-inner\">\n\t\t<div class=\"elementor-element elementor-element-9e71a4f e-grid e-con-full e-con e-child\" data-id=\"9e71a4f\" data-element_type=\"container\" data-e-type=\"container\" data-settings=\"{&quot;background_background&quot;:&quot;classic&quot;}\">\n\t\t<div class=\"elementor-element elementor-element-04b6d84 e-con-full e-flex e-con e-child\" data-id=\"04b6d84\" data-element_type=\"container\" data-e-type=\"container\">\n\t\t\t\t<div class=\"elementor-element elementor-element-bf21f24 elementor-widget elementor-widget-heading\" data-id=\"bf21f24\" data-element_type=\"widget\" data-e-type=\"widget\" data-widget_type=\"heading.default\">\n\t\t\t\t<div class=\"elementor-widget-container\">\n\t\t\t\t\t<h2 class=\"elementor-heading-title elementor-size-default\">Let's get in touch!<\/h2>\t\t\t\t<\/div>\n\t\t\t\t<\/div>\n\t\t\t\t<div class=\"elementor-element elementor-element-8676847 elementor-widget elementor-widget-text-editor\" data-id=\"8676847\" data-element_type=\"widget\" data-e-type=\"widget\" data-widget_type=\"text-editor.default\">\n\t\t\t\t<div class=\"elementor-widget-container\">\n\t\t\t\t\t\t\t\t\t<p>Do you have a project on your mind? Get in touch so we can get to work!<\/p>\t\t\t\t\t\t\t\t<\/div>\n\t\t\t\t<\/div>\n\t\t\t\t<div class=\"elementor-element elementor-element-da21944 elementor-widget elementor-widget-wpforms\" data-id=\"da21944\" data-element_type=\"widget\" data-e-type=\"widget\" data-widget_type=\"wpforms.default\">\n\t\t\t\t<div class=\"elementor-widget-container\">\n\t\t\t\t\t<style id=\"wpforms-css-vars-elementor-widget-da21944\">\n\t\t\t\t.elementor-widget-wpforms.elementor-element-da21944 {\n\t\t\t\t--wpforms-button-background-color: #267486;\n--wpforms-button-size-font-size: 20px;\n--wpforms-button-size-height: 48px;\n--wpforms-button-size-padding-h: 20px;\n--wpforms-button-size-margin-top: 15px;\n\t\t\t}\n\t\t\t<\/style><div class=\"wpforms-container wpforms-container-full wpforms-render-modern\" id=\"wpforms-594\"><form id=\"wpforms-form-594\" class=\"wpforms-validate wpforms-form wpforms-ajax-form\" data-formid=\"594\" method=\"post\" enctype=\"multipart\/form-data\" action=\"\/es\/wp-json\/wp\/v2\/pages\/61\" data-token=\"a9ea4461328110281d317c3f59dd451e\" data-token-time=\"1777555296\"><noscript class=\"wpforms-error-noscript\">Por favor, activa JavaScript en tu navegador para completar este formulario.<\/noscript><div id=\"wpforms-error-noscript\" style=\"display: none;\">Por favor, activa JavaScript en tu navegador para completar este formulario.<\/div><div class=\"wpforms-field-container\"><div id=\"wpforms-594-field_1-container\" class=\"wpforms-field wpforms-field-name\" data-field-id=\"1\"><fieldset><legend class=\"wpforms-field-label\">Name <span class=\"wpforms-required-label\" aria-hidden=\"true\">*<\/span><\/legend><div class=\"wpforms-field-row wpforms-field-medium\"><div class=\"wpforms-field-row-block wpforms-first wpforms-one-half\"><input type=\"text\" id=\"wpforms-594-field_1\" class=\"wpforms-field-name-first wpforms-field-required\" name=\"wpforms[fields][1][first]\" aria-errormessage=\"wpforms-594-field_1-error\" required><label for=\"wpforms-594-field_1\" class=\"wpforms-field-sublabel after\">Nombre<\/label><\/div><div class=\"wpforms-field-row-block wpforms-one-half\"><input type=\"text\" id=\"wpforms-594-field_1-last\" class=\"wpforms-field-name-last wpforms-field-required\" name=\"wpforms[fields][1][last]\" aria-errormessage=\"wpforms-594-field_1-last-error\" required><label for=\"wpforms-594-field_1-last\" class=\"wpforms-field-sublabel after\">Apellidos<\/label><\/div><\/div><\/fieldset><\/div>\t\t<div id=\"wpforms-594-field_5-container\"\n\t\t\tclass=\"wpforms-field wpforms-field-text\"\n\t\t\tdata-field-type=\"text\"\n\t\t\tdata-field-id=\"5\"\n\t\t\t>\n\t\t\t<label class=\"wpforms-field-label\" for=\"wpforms-594-field_5\" >Tell needs. looking<\/label>\n\t\t\t<input type=\"text\" id=\"wpforms-594-field_5\" class=\"wpforms-field-medium\" name=\"wpforms[fields][5]\" >\n\t\t<\/div>\n\t\t<div id=\"wpforms-594-field_2-container\" class=\"wpforms-field wpforms-field-email\" data-field-id=\"2\"><label class=\"wpforms-field-label\" for=\"wpforms-594-field_2\">Email <span class=\"wpforms-required-label\" aria-hidden=\"true\">*<\/span><\/label><input type=\"email\" id=\"wpforms-594-field_2\" class=\"wpforms-field-medium wpforms-field-required\" name=\"wpforms[fields][2]\" spellcheck=\"false\" aria-errormessage=\"wpforms-594-field_2-error\" required><\/div><div id=\"wpforms-594-field_4-container\" class=\"wpforms-field wpforms-field-select wpforms-field-select-style-classic\" data-field-id=\"4\"><label class=\"wpforms-field-label\" for=\"wpforms-594-field_4\">I am looking for...<\/label><select id=\"wpforms-594-field_4\" class=\"wpforms-field-medium\" name=\"wpforms[fields][4]\"><option value=\"Home Design\"  class=\"choice-2 depth-1\"  >Home Design<\/option><option value=\"Commercial Renovation\"  class=\"choice-1 depth-1\"  >Commercial Renovation<\/option><option value=\"Consulting\"  class=\"choice-3 depth-1\"  >Consulting<\/option><\/select><\/div><div id=\"wpforms-594-field_3-container\" class=\"wpforms-field wpforms-field-textarea\" data-field-id=\"3\"><label class=\"wpforms-field-label\" for=\"wpforms-594-field_3\">Tell us more about your needs.<\/label><textarea id=\"wpforms-594-field_3\" class=\"wpforms-field-medium\" name=\"wpforms[fields][3]\" aria-errormessage=\"wpforms-594-field_3-error\" ><\/textarea><\/div><script>\n\t\t\t\t( function() {\n\t\t\t\t\tconst style = document.createElement( 'style' );\n\t\t\t\t\tstyle.appendChild( document.createTextNode( '#wpforms-594-field_5-container { position: absolute !important; overflow: hidden !important; display: inline !important; height: 1px !important; width: 1px !important; z-index: -1000 !important; padding: 0 !important; } #wpforms-594-field_5-container input { visibility: hidden; } #wpforms-conversational-form-page #wpforms-594-field_5-container label { counter-increment: none; }' ) );\n\t\t\t\t\tdocument.head.appendChild( style );\n\t\t\t\t\tdocument.currentScript?.remove();\n\t\t\t\t} )();\n\t\t\t<\/script><\/div><!-- .wpforms-field-container --><div class=\"wpforms-submit-container\" ><input type=\"hidden\" name=\"wpforms[id]\" value=\"594\"><input type=\"hidden\" name=\"page_title\" value=\"\"><input type=\"hidden\" name=\"page_url\" value=\"https:\/\/tpshowcase.supserv.cozmoslabs.com\/es\/wp-json\/wp\/v2\/pages\/61\"><input type=\"hidden\" name=\"url_referer\" value=\"\"><button type=\"submit\" name=\"wpforms[submit]\" id=\"wpforms-submit-594\" class=\"wpforms-submit\" data-alt-text=\"Sending...\" data-submit-text=\"Submit\" aria-live=\"assertive\" value=\"wpforms-submit\">Submit<\/button><img decoding=\"async\" src=\"https:\/\/tpshowcase.supserv.cozmoslabs.com\/wp-content\/plugins\/wpforms-lite\/assets\/images\/submit-spin.svg\" class=\"wpforms-submit-spinner\" style=\"display: none;\" width=\"26\" height=\"26\" alt=\"Cargando\"><\/div><\/form><\/div>  <!-- .wpforms-container -->\t\t\t\t<\/div>\n\t\t\t\t<\/div>\n\t\t\t\t<\/div>\n\t\t<div class=\"elementor-element elementor-element-6f15671 e-con-full e-flex e-con e-child\" data-id=\"6f15671\" data-element_type=\"container\" data-e-type=\"container\">\n\t\t\t\t<div class=\"elementor-element elementor-element-bf70296 elementor-widget elementor-widget-image\" data-id=\"bf70296\" data-element_type=\"widget\" data-e-type=\"widget\" data-widget_type=\"image.default\">\n\t\t\t\t<div class=\"elementor-widget-container\">\n\t\t\t\t\t\t\t\t\t\t\t\t\t\t\t<img fetchpriority=\"high\" decoding=\"async\" width=\"800\" height=\"480\" src=\"https:\/\/tpshowcase.supserv.cozmoslabs.com\/wp-content\/uploads\/2024\/09\/Frame-167-1024x614.webp\" class=\"attachment-large size-large wp-image-169\" alt=\"\" srcset=\"https:\/\/tpshowcase.supserv.cozmoslabs.com\/wp-content\/uploads\/2024\/09\/Frame-167-1024x614.webp 1024w, https:\/\/tpshowcase.supserv.cozmoslabs.com\/wp-content\/uploads\/2024\/09\/Frame-167-600x360.webp 600w, https:\/\/tpshowcase.supserv.cozmoslabs.com\/wp-content\/uploads\/2024\/09\/Frame-167-300x180.webp 300w, https:\/\/tpshowcase.supserv.cozmoslabs.com\/wp-content\/uploads\/2024\/09\/Frame-167-768x461.webp 768w, https:\/\/tpshowcase.supserv.cozmoslabs.com\/wp-content\/uploads\/2024\/09\/Frame-167-1536x922.webp 1536w, https:\/\/tpshowcase.supserv.cozmoslabs.com\/wp-content\/uploads\/2024\/09\/Frame-167-2048x1229.webp 2048w, https:\/\/tpshowcase.supserv.cozmoslabs.com\/wp-content\/uploads\/2024\/09\/Frame-167-18x12.webp 18w\" sizes=\"(max-width: 800px) 100vw, 800px\" \/>\t\t\t\t\t\t\t\t\t\t\t\t\t\t\t<\/div>\n\t\t\t\t<\/div>\n\t\t\t\t<\/div>\n\t\t\t\t<\/div>\n\t\t\t\t\t<\/div>\n\t\t\t\t<\/div>\n\t\t<div class=\"elementor-element elementor-element-ea55f4c e-flex e-con-boxed e-con e-parent\" data-id=\"ea55f4c\" data-element_type=\"container\" data-e-type=\"container\" data-settings=\"{&quot;background_background&quot;:&quot;classic&quot;}\">\n\t\t\t\t\t<div class=\"e-con-inner\">\n\t\t<div class=\"elementor-element elementor-element-0d7a718 e-con-full e-flex e-con e-child\" data-id=\"0d7a718\" data-element_type=\"container\" data-e-type=\"container\" data-settings=\"{&quot;background_background&quot;:&quot;classic&quot;}\">\n\t\t\t\t<div class=\"elementor-element elementor-element-a79f8e8 elementor-widget elementor-widget-heading\" data-id=\"a79f8e8\" data-element_type=\"widget\" data-e-type=\"widget\" data-widget_type=\"heading.default\">\n\t\t\t\t<div class=\"elementor-widget-container\">\n\t\t\t\t\t<h2 class=\"elementor-heading-title elementor-size-default\">Ready to start your project?<\/h2>\t\t\t\t<\/div>\n\t\t\t\t<\/div>\n\t\t\t\t<div class=\"elementor-element elementor-element-85e1ea5 elementor-widget elementor-widget-text-editor\" data-id=\"85e1ea5\" data-element_type=\"widget\" data-e-type=\"widget\" data-widget_type=\"text-editor.default\">\n\t\t\t\t<div class=\"elementor-widget-container\">\n\t\t\t\t\t\t\t\t\t<p>Whether you&#8217;re looking for a custom home or a commercial renovation, we\u2019re here to help bring your vision to life.<\/p>\t\t\t\t\t\t\t\t<\/div>\n\t\t\t\t<\/div>\n\t\t\t\t<div class=\"elementor-element elementor-element-69c0809 elementor-align-center elementor-widget elementor-widget-button\" data-id=\"69c0809\" data-element_type=\"widget\" data-e-type=\"widget\" data-widget_type=\"button.default\">\n\t\t\t\t<div class=\"elementor-widget-container\">\n\t\t\t\t\t\t\t\t\t<div class=\"elementor-button-wrapper\">\n\t\t\t\t\t<a class=\"elementor-button elementor-button-link elementor-size-sm\" href=\"https:\/\/tpshowcase.supserv.cozmoslabs.com\/services\/\">\n\t\t\t\t\t\t<span class=\"elementor-button-content-wrapper\">\n\t\t\t\t\t\t\t\t\t<span class=\"elementor-button-text\">Learn More<\/span>\n\t\t\t\t\t<\/span>\n\t\t\t\t\t<\/a>\n\t\t\t\t<\/div>\n\t\t\t\t\t\t\t\t<\/div>\n\t\t\t\t<\/div>\n\t\t\t\t<\/div>\n\t\t\t\t\t<\/div>\n\t\t\t\t<\/div>\n\t\t\t\t<\/div>\n\t\t","protected":false},"excerpt":{"rendered":"<p>Contact Let&#8217;s get in touch! Do you have a project on your mind? Get in touch so we can get to work! Please enable JavaScript in your browser to complete this form.Please enable JavaScript in your browser to complete this form. Name * FirstLast Email *I am looking for&#8230;Home DesignCommercial RenovationConsultingTell us more about your [&hellip;]<\/p>\n","protected":false},"author":3,"featured_media":0,"parent":0,"menu_order":0,"comment_status":"closed","ping_status":"closed","template":"elementor_header_footer","meta":{"footnotes":""},"class_list":["post-61","page","type-page","status-publish","hentry"],"yoast_head":"<!-- This site is optimized with the Yoast SEO plugin v27.5 - https:\/\/yoast.com\/product\/yoast-seo-wordpress\/ -->\n<title>Contact - Architect studio<\/title>\n<meta name=\"description\" content=\"Contact us, get a quotation for your project, and let&#039;s get to work on your dream space.\" \/>\n<meta name=\"robots\" content=\"noindex, follow, max-snippet:-1, max-image-preview:large, max-video-preview:-1\" \/>\n<meta property=\"og:locale\" content=\"es_ES\" \/>\n<meta property=\"og:type\" content=\"article\" \/>\n<meta property=\"og:title\" content=\"Contact - Architect studio\" \/>\n<meta property=\"og:description\" content=\"Contact us, get a quotation for your project, and let&#039;s get to work on your dream space.\" \/>\n<meta property=\"og:url\" content=\"https:\/\/tpshowcase.supserv.cozmoslabs.com\/es\/contact\/\" \/>\n<meta property=\"og:site_name\" content=\"Architect studio\" \/>\n<meta property=\"article:modified_time\" content=\"2025-10-22T13:43:34+00:00\" \/>\n<meta property=\"og:image\" content=\"https:\/\/tpshowcase.supserv.cozmoslabs.com\/wp-content\/plugins\/wpforms-lite\/assets\/images\/submit-spin.svg\" \/>\n<meta name=\"twitter:card\" content=\"summary_large_image\" \/>\n<meta name=\"twitter:label1\" content=\"Tiempo de lectura\" \/>\n\t<meta name=\"twitter:data1\" content=\"1 minuto\" \/>\n<script type=\"application\/ld+json\" class=\"yoast-schema-graph\">{\"@context\":\"https:\\\/\\\/schema.org\",\"@graph\":[{\"@type\":\"WebPage\",\"@id\":\"https:\\\/\\\/tpshowcase.supserv.cozmoslabs.com\\\/contact\\\/\",\"url\":\"https:\\\/\\\/tpshowcase.supserv.cozmoslabs.com\\\/contact\\\/\",\"name\":\"Contact - Architect studio\",\"isPartOf\":{\"@id\":\"https:\\\/\\\/tpshowcase.supserv.cozmoslabs.com\\\/#website\"},\"primaryImageOfPage\":{\"@id\":\"https:\\\/\\\/tpshowcase.supserv.cozmoslabs.com\\\/contact\\\/#primaryimage\"},\"image\":{\"@id\":\"https:\\\/\\\/tpshowcase.supserv.cozmoslabs.com\\\/contact\\\/#primaryimage\"},\"thumbnailUrl\":\"https:\\\/\\\/tpshowcase.supserv.cozmoslabs.com\\\/wp-content\\\/plugins\\\/wpforms-lite\\\/assets\\\/images\\\/submit-spin.svg\",\"datePublished\":\"2024-03-10T14:07:42+00:00\",\"dateModified\":\"2025-10-22T13:43:34+00:00\",\"description\":\"Contact us, get a quotation for your project, and let's get to work on your dream space.\",\"breadcrumb\":{\"@id\":\"https:\\\/\\\/tpshowcase.supserv.cozmoslabs.com\\\/contact\\\/#breadcrumb\"},\"inLanguage\":\"es\",\"potentialAction\":[{\"@type\":\"ReadAction\",\"target\":[\"https:\\\/\\\/tpshowcase.supserv.cozmoslabs.com\\\/contact\\\/\"]}]},{\"@type\":\"ImageObject\",\"inLanguage\":\"es\",\"@id\":\"https:\\\/\\\/tpshowcase.supserv.cozmoslabs.com\\\/contact\\\/#primaryimage\",\"url\":\"https:\\\/\\\/tpshowcase.supserv.cozmoslabs.com\\\/wp-content\\\/plugins\\\/wpforms-lite\\\/assets\\\/images\\\/submit-spin.svg\",\"contentUrl\":\"https:\\\/\\\/tpshowcase.supserv.cozmoslabs.com\\\/wp-content\\\/plugins\\\/wpforms-lite\\\/assets\\\/images\\\/submit-spin.svg\"},{\"@type\":\"BreadcrumbList\",\"@id\":\"https:\\\/\\\/tpshowcase.supserv.cozmoslabs.com\\\/contact\\\/#breadcrumb\",\"itemListElement\":[{\"@type\":\"ListItem\",\"position\":1,\"name\":\"Home\",\"item\":\"https:\\\/\\\/tpshowcase.supserv.cozmoslabs.com\\\/\"},{\"@type\":\"ListItem\",\"position\":2,\"name\":\"Contact\"}]},{\"@type\":\"WebSite\",\"@id\":\"https:\\\/\\\/tpshowcase.supserv.cozmoslabs.com\\\/#website\",\"url\":\"https:\\\/\\\/tpshowcase.supserv.cozmoslabs.com\\\/\",\"name\":\"Architect studio\",\"description\":\"\",\"potentialAction\":[{\"@type\":\"SearchAction\",\"target\":{\"@type\":\"EntryPoint\",\"urlTemplate\":\"https:\\\/\\\/tpshowcase.supserv.cozmoslabs.com\\\/?s={search_term_string}\"},\"query-input\":{\"@type\":\"PropertyValueSpecification\",\"valueRequired\":true,\"valueName\":\"search_term_string\"}}],\"inLanguage\":\"es\"}]}<\/script>\n<!-- \/ Yoast SEO plugin. -->","yoast_head_json":{"title":"Contacto - Estudio de arquitectura","description":"P\u00f3ngase en contacto con nosotros, obtenga un presupuesto para su proyecto y pong\u00e1monos a trabajar en el espacio de sus sue\u00f1os.","robots":{"index":"noindex","follow":"follow","max-snippet":"max-snippet:-1","max-image-preview":"max-image-preview:large","max-video-preview":"max-video-preview:-1"},"og_locale":"es_ES","og_type":"article","og_title":"Contact - Architect studio","og_description":"Contact us, get a quotation for your project, and let's get to work on your dream space.","og_url":"https:\/\/tpshowcase.supserv.cozmoslabs.com\/es\/contact\/","og_site_name":"Architect studio","article_modified_time":"2025-10-22T13:43:34+00:00","og_image":[{"url":"https:\/\/tpshowcase.supserv.cozmoslabs.com\/wp-content\/plugins\/wpforms-lite\/assets\/images\/submit-spin.svg","type":"","width":"","height":""}],"twitter_card":"summary_large_image","twitter_misc":{"Tiempo de lectura":"1 minuto"},"schema":{"@context":"https:\/\/schema.org","@graph":[{"@type":"WebPage","@id":"https:\/\/tpshowcase.supserv.cozmoslabs.com\/contact\/","url":"https:\/\/tpshowcase.supserv.cozmoslabs.com\/contact\/","name":"Contacto - Estudio de arquitectura","isPartOf":{"@id":"https:\/\/tpshowcase.supserv.cozmoslabs.com\/#website"},"primaryImageOfPage":{"@id":"https:\/\/tpshowcase.supserv.cozmoslabs.com\/contact\/#primaryimage"},"image":{"@id":"https:\/\/tpshowcase.supserv.cozmoslabs.com\/contact\/#primaryimage"},"thumbnailUrl":"https:\/\/tpshowcase.supserv.cozmoslabs.com\/wp-content\/plugins\/wpforms-lite\/assets\/images\/submit-spin.svg","datePublished":"2024-03-10T14:07:42+00:00","dateModified":"2025-10-22T13:43:34+00:00","description":"P\u00f3ngase en contacto con nosotros, obtenga un presupuesto para su proyecto y pong\u00e1monos a trabajar en el espacio de sus sue\u00f1os.","breadcrumb":{"@id":"https:\/\/tpshowcase.supserv.cozmoslabs.com\/contact\/#breadcrumb"},"inLanguage":"es","potentialAction":[{"@type":"ReadAction","target":["https:\/\/tpshowcase.supserv.cozmoslabs.com\/contact\/"]}]},{"@type":"ImageObject","inLanguage":"es","@id":"https:\/\/tpshowcase.supserv.cozmoslabs.com\/contact\/#primaryimage","url":"https:\/\/tpshowcase.supserv.cozmoslabs.com\/wp-content\/plugins\/wpforms-lite\/assets\/images\/submit-spin.svg","contentUrl":"https:\/\/tpshowcase.supserv.cozmoslabs.com\/wp-content\/plugins\/wpforms-lite\/assets\/images\/submit-spin.svg"},{"@type":"BreadcrumbList","@id":"https:\/\/tpshowcase.supserv.cozmoslabs.com\/contact\/#breadcrumb","itemListElement":[{"@type":"ListItem","position":1,"name":"Home","item":"https:\/\/tpshowcase.supserv.cozmoslabs.com\/"},{"@type":"ListItem","position":2,"name":"Contact"}]},{"@type":"WebSite","@id":"https:\/\/tpshowcase.supserv.cozmoslabs.com\/#website","url":"https:\/\/tpshowcase.supserv.cozmoslabs.com\/","name":"Estudio de arquitectura","description":"","potentialAction":[{"@type":"SearchAction","target":{"@type":"EntryPoint","urlTemplate":"https:\/\/tpshowcase.supserv.cozmoslabs.com\/?s={search_term_string}"},"query-input":{"@type":"PropertyValueSpecification","valueRequired":true,"valueName":"search_term_string"}}],"inLanguage":"es"}]}},"_links":{"self":[{"href":"https:\/\/tpshowcase.supserv.cozmoslabs.com\/es\/wp-json\/wp\/v2\/pages\/61","targetHints":{"allow":["GET"]}}],"collection":[{"href":"https:\/\/tpshowcase.supserv.cozmoslabs.com\/es\/wp-json\/wp\/v2\/pages"}],"about":[{"href":"https:\/\/tpshowcase.supserv.cozmoslabs.com\/es\/wp-json\/wp\/v2\/types\/page"}],"author":[{"embeddable":true,"href":"https:\/\/tpshowcase.supserv.cozmoslabs.com\/es\/wp-json\/wp\/v2\/users\/3"}],"replies":[{"embeddable":true,"href":"https:\/\/tpshowcase.supserv.cozmoslabs.com\/es\/wp-json\/wp\/v2\/comments?post=61"}],"version-history":[{"count":17,"href":"https:\/\/tpshowcase.supserv.cozmoslabs.com\/es\/wp-json\/wp\/v2\/pages\/61\/revisions"}],"predecessor-version":[{"id":769,"href":"https:\/\/tpshowcase.supserv.cozmoslabs.com\/es\/wp-json\/wp\/v2\/pages\/61\/revisions\/769"}],"wp:attachment":[{"href":"https:\/\/tpshowcase.supserv.cozmoslabs.com\/es\/wp-json\/wp\/v2\/media?parent=61"}],"curies":[{"name":"wp","href":"https:\/\/api.w.org\/{rel}","templated":true}]}}