{"id":524,"date":"2025-08-06T10:40:20","date_gmt":"2025-08-06T10:40:20","guid":{"rendered":"https:\/\/tpshowcase.supserv.cozmoslabs.com\/?page_id=524"},"modified":"2025-10-22T13:40:28","modified_gmt":"2025-10-22T13:40:28","slug":"home-design","status":"publish","type":"page","link":"https:\/\/tpshowcase.supserv.cozmoslabs.com\/es\/home-design\/","title":{"rendered":"Dise\u00f1o de casas a medida"},"content":{"rendered":"<div data-elementor-type=\"wp-page\" data-elementor-id=\"524\" class=\"elementor elementor-524\" data-elementor-post-type=\"page\">\n\t\t\t\t<div class=\"elementor-element elementor-element-f279afc e-flex e-con-boxed e-con e-parent\" data-id=\"f279afc\" data-element_type=\"container\" data-e-type=\"container\" data-settings=\"{&quot;background_background&quot;:&quot;classic&quot;}\">\n\t\t\t\t\t<div class=\"e-con-inner\">\n\t\t<div class=\"elementor-element elementor-element-ac53f4b e-con-full e-flex e-con e-child\" data-id=\"ac53f4b\" data-element_type=\"container\" data-e-type=\"container\">\n\t\t\t\t<div class=\"elementor-element elementor-element-ebba176 elementor-widget elementor-widget-heading\" data-id=\"ebba176\" data-element_type=\"widget\" data-e-type=\"widget\" data-widget_type=\"heading.default\">\n\t\t\t\t<div class=\"elementor-widget-container\">\n\t\t\t\t\t<h1 class=\"elementor-heading-title elementor-size-default\">Dise\u00f1o de casas a medida<\/h1>\t\t\t\t<\/div>\n\t\t\t\t<\/div>\n\t\t\t\t<\/div>\n\t\t\t\t\t<\/div>\n\t\t\t\t<\/div>\n\t\t<div class=\"elementor-element elementor-element-9f17675 e-flex e-con-boxed e-con e-parent\" data-id=\"9f17675\" data-element_type=\"container\" data-e-type=\"container\" data-settings=\"{&quot;background_background&quot;:&quot;classic&quot;}\">\n\t\t\t\t\t<div class=\"e-con-inner\">\n\t\t<div class=\"elementor-element elementor-element-c8456a7 e-grid e-con-full e-con e-child\" data-id=\"c8456a7\" data-element_type=\"container\" data-e-type=\"container\" data-settings=\"{&quot;background_background&quot;:&quot;classic&quot;}\">\n\t\t<div class=\"elementor-element elementor-element-53980e0 e-con-full e-flex e-con e-child\" data-id=\"53980e0\" data-element_type=\"container\" data-e-type=\"container\">\n\t\t\t\t<div class=\"elementor-element elementor-element-f10690d elementor-widget elementor-widget-heading\" data-id=\"f10690d\" data-element_type=\"widget\" data-e-type=\"widget\" data-widget_type=\"heading.default\">\n\t\t\t\t<div class=\"elementor-widget-container\">\n\t\t\t\t\t<h2 class=\"elementor-heading-title elementor-size-default\">Casas a medida creadas en torno a su vida<\/h2>\t\t\t\t<\/div>\n\t\t\t\t<\/div>\n\t\t\t\t<div class=\"elementor-element elementor-element-682d679 elementor-widget elementor-widget-text-editor\" data-id=\"682d679\" data-element_type=\"widget\" data-e-type=\"widget\" data-widget_type=\"text-editor.default\">\n\t\t\t\t<div class=\"elementor-widget-container\">\n\t\t\t\t\t\t\t\t\t<p>Nuestro servicio de dise\u00f1o de casas a medida consiste en convertir la casa de sus sue\u00f1os en una realidad tangible. Trabajamos estrechamente con usted desde el concepto hasta la finalizaci\u00f3n, asegur\u00e1ndonos de que cada detalle se adapte a su estilo de vida y preferencias est\u00e9ticas.<\/p><p><br \/>Desde el minimalismo moderno hasta la elegancia atemporal, nuestros arquitectos elaboran dise\u00f1os personalizados que equilibran belleza, comodidad y sostenibilidad. Integramos luz natural, planificaci\u00f3n inteligente del espacio y materiales respetuosos con el medio ambiente para crear hogares inspiradores y pr\u00e1cticos.<\/p><p><br \/>Tanto si est\u00e1 construyendo una nueva residencia como si est\u00e1 remodelando una propiedad existente, nuestro equipo garantiza un proceso fluido que da prioridad a la comunicaci\u00f3n, la transparencia y una artesan\u00eda excepcional.<\/p>\t\t\t\t\t\t\t\t<\/div>\n\t\t\t\t<\/div>\n\t\t\t\t<div class=\"elementor-element elementor-element-531a359 elementor-widget elementor-widget-button\" data-id=\"531a359\" data-element_type=\"widget\" data-e-type=\"widget\" data-widget_type=\"button.default\">\n\t\t\t\t<div class=\"elementor-widget-container\">\n\t\t\t\t\t\t\t\t\t<div class=\"elementor-button-wrapper\">\n\t\t\t\t\t<a class=\"elementor-button elementor-button-link elementor-size-sm\" href=\"https:\/\/tpshpwcase.supserv.cozmoslabs.com\/contact\/\">\n\t\t\t\t\t\t<span class=\"elementor-button-content-wrapper\">\n\t\t\t\t\t\t\t\t\t<span class=\"elementor-button-text\">Solicitar presupuesto<\/span>\n\t\t\t\t\t<\/span>\n\t\t\t\t\t<\/a>\n\t\t\t\t<\/div>\n\t\t\t\t\t\t\t\t<\/div>\n\t\t\t\t<\/div>\n\t\t\t\t<\/div>\n\t\t<div class=\"elementor-element elementor-element-5960ccc e-con-full e-flex e-con e-child\" data-id=\"5960ccc\" data-element_type=\"container\" data-e-type=\"container\">\n\t\t\t\t<div class=\"elementor-element elementor-element-0e50760 elementor-widget elementor-widget-image\" data-id=\"0e50760\" data-element_type=\"widget\" data-e-type=\"widget\" data-widget_type=\"image.default\">\n\t\t\t\t<div class=\"elementor-widget-container\">\n\t\t\t\t\t\t\t\t\t\t\t\t\t\t\t<img fetchpriority=\"high\" decoding=\"async\" width=\"683\" height=\"1024\" src=\"https:\/\/tpshowcase.supserv.cozmoslabs.com\/wp-content\/uploads\/2025\/10\/Striking-modern-house-exterior-blending-white-stucco-glass-metal-and-wood-with-clean-lines-and-contrasting-textures-683x1024.webp\" class=\"attachment-large size-large wp-image-632\" alt=\"\" srcset=\"https:\/\/tpshowcase.supserv.cozmoslabs.com\/wp-content\/uploads\/2025\/10\/Striking-modern-house-exterior-blending-white-stucco-glass-metal-and-wood-with-clean-lines-and-contrasting-textures-683x1024.webp 683w, https:\/\/tpshowcase.supserv.cozmoslabs.com\/wp-content\/uploads\/2025\/10\/Striking-modern-house-exterior-blending-white-stucco-glass-metal-and-wood-with-clean-lines-and-contrasting-textures-200x300.webp 200w, https:\/\/tpshowcase.supserv.cozmoslabs.com\/wp-content\/uploads\/2025\/10\/Striking-modern-house-exterior-blending-white-stucco-glass-metal-and-wood-with-clean-lines-and-contrasting-textures-768x1152.webp 768w, https:\/\/tpshowcase.supserv.cozmoslabs.com\/wp-content\/uploads\/2025\/10\/Striking-modern-house-exterior-blending-white-stucco-glass-metal-and-wood-with-clean-lines-and-contrasting-textures-8x12.webp 8w, https:\/\/tpshowcase.supserv.cozmoslabs.com\/wp-content\/uploads\/2025\/10\/Striking-modern-house-exterior-blending-white-stucco-glass-metal-and-wood-with-clean-lines-and-contrasting-textures-600x900.webp 600w, https:\/\/tpshowcase.supserv.cozmoslabs.com\/wp-content\/uploads\/2025\/10\/Striking-modern-house-exterior-blending-white-stucco-glass-metal-and-wood-with-clean-lines-and-contrasting-textures.webp 896w\" sizes=\"(max-width: 683px) 100vw, 683px\" \/>\t\t\t\t\t\t\t\t\t\t\t\t\t\t\t<\/div>\n\t\t\t\t<\/div>\n\t\t\t\t<\/div>\n\t\t\t\t<\/div>\n\t\t\t\t\t<\/div>\n\t\t\t\t<\/div>\n\t\t<div class=\"elementor-element elementor-element-356e8a1 e-flex e-con-boxed e-con e-parent\" data-id=\"356e8a1\" data-element_type=\"container\" data-e-type=\"container\" data-settings=\"{&quot;background_background&quot;:&quot;classic&quot;}\">\n\t\t\t\t\t<div class=\"e-con-inner\">\n\t\t<div class=\"elementor-element elementor-element-2426e20 e-con-full e-flex e-con e-child\" data-id=\"2426e20\" data-element_type=\"container\" data-e-type=\"container\" data-settings=\"{&quot;background_background&quot;:&quot;classic&quot;}\">\n\t\t\t\t<div class=\"elementor-element elementor-element-ee0e17f elementor-widget elementor-widget-heading\" data-id=\"ee0e17f\" data-element_type=\"widget\" data-e-type=\"widget\" data-widget_type=\"heading.default\">\n\t\t\t\t<div class=\"elementor-widget-container\">\n\t\t\t\t\t<h2 class=\"elementor-heading-title elementor-size-default\">\u00bfListo para empezar su proyecto?<\/h2>\t\t\t\t<\/div>\n\t\t\t\t<\/div>\n\t\t\t\t<div class=\"elementor-element elementor-element-17552fb elementor-widget elementor-widget-text-editor\" data-id=\"17552fb\" data-element_type=\"widget\" data-e-type=\"widget\" data-widget_type=\"text-editor.default\">\n\t\t\t\t<div class=\"elementor-widget-container\">\n\t\t\t\t\t\t\t\t\t<p>Tanto si busca una casa a medida como una reforma comercial, estamos aqu\u00ed para ayudarle a hacer realidad su visi\u00f3n.<\/p>\t\t\t\t\t\t\t\t<\/div>\n\t\t\t\t<\/div>\n\t\t\t\t<div class=\"elementor-element elementor-element-e7a9523 elementor-align-center elementor-widget elementor-widget-button\" data-id=\"e7a9523\" data-element_type=\"widget\" data-e-type=\"widget\" data-widget_type=\"button.default\">\n\t\t\t\t<div class=\"elementor-widget-container\">\n\t\t\t\t\t\t\t\t\t<div class=\"elementor-button-wrapper\">\n\t\t\t\t\t<a class=\"elementor-button elementor-button-link elementor-size-sm\" href=\"https:\/\/tpvideo.supserv.cozmoslabs.com\/services\/\">\n\t\t\t\t\t\t<span class=\"elementor-button-content-wrapper\">\n\t\t\t\t\t\t\t\t\t<span class=\"elementor-button-text\">M\u00e1s informaci\u00f3n<\/span>\n\t\t\t\t\t<\/span>\n\t\t\t\t\t<\/a>\n\t\t\t\t<\/div>\n\t\t\t\t\t\t\t\t<\/div>\n\t\t\t\t<\/div>\n\t\t\t\t<\/div>\n\t\t\t\t\t<\/div>\n\t\t\t\t<\/div>\n\t\t\t\t<\/div>","protected":false},"excerpt":{"rendered":"<p>Custom Home Design Custom Homes Crafted Around Your Life Our Custom Home Design service is all about turning your dream home into a tangible reality. We work closely with you from concept to completion, ensuring every detail fits your lifestyle and aesthetic preferences. From modern minimalism to timeless elegance, our architects craft personalized designs that [&hellip;]<\/p>\n","protected":false},"author":6,"featured_media":0,"parent":0,"menu_order":0,"comment_status":"closed","ping_status":"closed","template":"elementor_header_footer","meta":{"footnotes":""},"class_list":["post-524","page","type-page","status-publish","hentry"],"yoast_head":"<!-- This site is optimized with the Yoast SEO plugin v27.5 - https:\/\/yoast.com\/product\/yoast-seo-wordpress\/ -->\n<title>Custom Home Design - Architect studio<\/title>\n<meta name=\"robots\" content=\"noindex, follow, max-snippet:-1, max-image-preview:large, max-video-preview:-1\" \/>\n<meta property=\"og:locale\" content=\"es_ES\" \/>\n<meta property=\"og:type\" content=\"article\" \/>\n<meta property=\"og:title\" content=\"Custom Home Design - Architect studio\" \/>\n<meta property=\"og:description\" content=\"Custom Home Design Custom Homes Crafted Around Your Life Our Custom Home Design service is all about turning your dream home into a tangible reality. We work closely with you from concept to completion, ensuring every detail fits your lifestyle and aesthetic preferences. From modern minimalism to timeless elegance, our architects craft personalized designs that [&hellip;]\" \/>\n<meta property=\"og:url\" content=\"https:\/\/tpshowcase.supserv.cozmoslabs.com\/es\/home-design\/\" \/>\n<meta property=\"og:site_name\" content=\"Architect studio\" \/>\n<meta property=\"article:modified_time\" content=\"2025-10-22T13:40:28+00:00\" \/>\n<meta property=\"og:image\" content=\"https:\/\/tpshowcase.supserv.cozmoslabs.com\/wp-content\/uploads\/2025\/10\/Striking-modern-house-exterior-blending-white-stucco-glass-metal-and-wood-with-clean-lines-and-contrasting-textures-683x1024.webp\" \/>\n<meta name=\"twitter:card\" content=\"summary_large_image\" \/>\n<meta name=\"twitter:label1\" content=\"Tiempo de lectura\" \/>\n\t<meta name=\"twitter:data1\" content=\"1 minuto\" \/>\n<script type=\"application\/ld+json\" class=\"yoast-schema-graph\">{\"@context\":\"https:\\\/\\\/schema.org\",\"@graph\":[{\"@type\":\"WebPage\",\"@id\":\"https:\\\/\\\/tpshowcase.supserv.cozmoslabs.com\\\/home-design\\\/\",\"url\":\"https:\\\/\\\/tpshowcase.supserv.cozmoslabs.com\\\/home-design\\\/\",\"name\":\"Custom Home Design - Architect studio\",\"isPartOf\":{\"@id\":\"https:\\\/\\\/tpshowcase.supserv.cozmoslabs.com\\\/#website\"},\"primaryImageOfPage\":{\"@id\":\"https:\\\/\\\/tpshowcase.supserv.cozmoslabs.com\\\/home-design\\\/#primaryimage\"},\"image\":{\"@id\":\"https:\\\/\\\/tpshowcase.supserv.cozmoslabs.com\\\/home-design\\\/#primaryimage\"},\"thumbnailUrl\":\"https:\\\/\\\/tpshowcase.supserv.cozmoslabs.com\\\/wp-content\\\/uploads\\\/2025\\\/10\\\/Striking-modern-house-exterior-blending-white-stucco-glass-metal-and-wood-with-clean-lines-and-contrasting-textures-683x1024.webp\",\"datePublished\":\"2025-08-06T10:40:20+00:00\",\"dateModified\":\"2025-10-22T13:40:28+00:00\",\"breadcrumb\":{\"@id\":\"https:\\\/\\\/tpshowcase.supserv.cozmoslabs.com\\\/home-design\\\/#breadcrumb\"},\"inLanguage\":\"es\",\"potentialAction\":[{\"@type\":\"ReadAction\",\"target\":[\"https:\\\/\\\/tpshowcase.supserv.cozmoslabs.com\\\/home-design\\\/\"]}]},{\"@type\":\"ImageObject\",\"inLanguage\":\"es\",\"@id\":\"https:\\\/\\\/tpshowcase.supserv.cozmoslabs.com\\\/home-design\\\/#primaryimage\",\"url\":\"https:\\\/\\\/tpshowcase.supserv.cozmoslabs.com\\\/wp-content\\\/uploads\\\/2025\\\/10\\\/Striking-modern-house-exterior-blending-white-stucco-glass-metal-and-wood-with-clean-lines-and-contrasting-textures-683x1024.webp\",\"contentUrl\":\"https:\\\/\\\/tpshowcase.supserv.cozmoslabs.com\\\/wp-content\\\/uploads\\\/2025\\\/10\\\/Striking-modern-house-exterior-blending-white-stucco-glass-metal-and-wood-with-clean-lines-and-contrasting-textures-683x1024.webp\"},{\"@type\":\"BreadcrumbList\",\"@id\":\"https:\\\/\\\/tpshowcase.supserv.cozmoslabs.com\\\/home-design\\\/#breadcrumb\",\"itemListElement\":[{\"@type\":\"ListItem\",\"position\":1,\"name\":\"Home\",\"item\":\"https:\\\/\\\/tpshowcase.supserv.cozmoslabs.com\\\/\"},{\"@type\":\"ListItem\",\"position\":2,\"name\":\"Custom Home Design\"}]},{\"@type\":\"WebSite\",\"@id\":\"https:\\\/\\\/tpshowcase.supserv.cozmoslabs.com\\\/#website\",\"url\":\"https:\\\/\\\/tpshowcase.supserv.cozmoslabs.com\\\/\",\"name\":\"Architect studio\",\"description\":\"\",\"potentialAction\":[{\"@type\":\"SearchAction\",\"target\":{\"@type\":\"EntryPoint\",\"urlTemplate\":\"https:\\\/\\\/tpshowcase.supserv.cozmoslabs.com\\\/?s={search_term_string}\"},\"query-input\":{\"@type\":\"PropertyValueSpecification\",\"valueRequired\":true,\"valueName\":\"search_term_string\"}}],\"inLanguage\":\"es\"}]}<\/script>\n<!-- \/ Yoast SEO plugin. -->","yoast_head_json":{"title":"Custom Home Design - Architect studio","robots":{"index":"noindex","follow":"follow","max-snippet":"max-snippet:-1","max-image-preview":"max-image-preview:large","max-video-preview":"max-video-preview:-1"},"og_locale":"es_ES","og_type":"article","og_title":"Custom Home Design - Architect studio","og_description":"Custom Home Design Custom Homes Crafted Around Your Life Our Custom Home Design service is all about turning your dream home into a tangible reality. We work closely with you from concept to completion, ensuring every detail fits your lifestyle and aesthetic preferences. From modern minimalism to timeless elegance, our architects craft personalized designs that [&hellip;]","og_url":"https:\/\/tpshowcase.supserv.cozmoslabs.com\/es\/home-design\/","og_site_name":"Architect studio","article_modified_time":"2025-10-22T13:40:28+00:00","og_image":[{"url":"https:\/\/tpshowcase.supserv.cozmoslabs.com\/wp-content\/uploads\/2025\/10\/Striking-modern-house-exterior-blending-white-stucco-glass-metal-and-wood-with-clean-lines-and-contrasting-textures-683x1024.webp","type":"","width":"","height":""}],"twitter_card":"summary_large_image","twitter_misc":{"Tiempo de lectura":"1 minuto"},"schema":{"@context":"https:\/\/schema.org","@graph":[{"@type":"WebPage","@id":"https:\/\/tpshowcase.supserv.cozmoslabs.com\/home-design\/","url":"https:\/\/tpshowcase.supserv.cozmoslabs.com\/home-design\/","name":"Custom Home Design - Architect studio","isPartOf":{"@id":"https:\/\/tpshowcase.supserv.cozmoslabs.com\/#website"},"primaryImageOfPage":{"@id":"https:\/\/tpshowcase.supserv.cozmoslabs.com\/home-design\/#primaryimage"},"image":{"@id":"https:\/\/tpshowcase.supserv.cozmoslabs.com\/home-design\/#primaryimage"},"thumbnailUrl":"https:\/\/tpshowcase.supserv.cozmoslabs.com\/wp-content\/uploads\/2025\/10\/Striking-modern-house-exterior-blending-white-stucco-glass-metal-and-wood-with-clean-lines-and-contrasting-textures-683x1024.webp","datePublished":"2025-08-06T10:40:20+00:00","dateModified":"2025-10-22T13:40:28+00:00","breadcrumb":{"@id":"https:\/\/tpshowcase.supserv.cozmoslabs.com\/home-design\/#breadcrumb"},"inLanguage":"es","potentialAction":[{"@type":"ReadAction","target":["https:\/\/tpshowcase.supserv.cozmoslabs.com\/home-design\/"]}]},{"@type":"ImageObject","inLanguage":"es","@id":"https:\/\/tpshowcase.supserv.cozmoslabs.com\/home-design\/#primaryimage","url":"https:\/\/tpshowcase.supserv.cozmoslabs.com\/wp-content\/uploads\/2025\/10\/Striking-modern-house-exterior-blending-white-stucco-glass-metal-and-wood-with-clean-lines-and-contrasting-textures-683x1024.webp","contentUrl":"https:\/\/tpshowcase.supserv.cozmoslabs.com\/wp-content\/uploads\/2025\/10\/Striking-modern-house-exterior-blending-white-stucco-glass-metal-and-wood-with-clean-lines-and-contrasting-textures-683x1024.webp"},{"@type":"BreadcrumbList","@id":"https:\/\/tpshowcase.supserv.cozmoslabs.com\/home-design\/#breadcrumb","itemListElement":[{"@type":"ListItem","position":1,"name":"Home","item":"https:\/\/tpshowcase.supserv.cozmoslabs.com\/"},{"@type":"ListItem","position":2,"name":"Custom Home Design"}]},{"@type":"WebSite","@id":"https:\/\/tpshowcase.supserv.cozmoslabs.com\/#website","url":"https:\/\/tpshowcase.supserv.cozmoslabs.com\/","name":"Estudio de arquitectura","description":"","potentialAction":[{"@type":"SearchAction","target":{"@type":"EntryPoint","urlTemplate":"https:\/\/tpshowcase.supserv.cozmoslabs.com\/?s={search_term_string}"},"query-input":{"@type":"PropertyValueSpecification","valueRequired":true,"valueName":"search_term_string"}}],"inLanguage":"es"}]}},"_links":{"self":[{"href":"https:\/\/tpshowcase.supserv.cozmoslabs.com\/es\/wp-json\/wp\/v2\/pages\/524","targetHints":{"allow":["GET"]}}],"collection":[{"href":"https:\/\/tpshowcase.supserv.cozmoslabs.com\/es\/wp-json\/wp\/v2\/pages"}],"about":[{"href":"https:\/\/tpshowcase.supserv.cozmoslabs.com\/es\/wp-json\/wp\/v2\/types\/page"}],"author":[{"embeddable":true,"href":"https:\/\/tpshowcase.supserv.cozmoslabs.com\/es\/wp-json\/wp\/v2\/users\/6"}],"replies":[{"embeddable":true,"href":"https:\/\/tpshowcase.supserv.cozmoslabs.com\/es\/wp-json\/wp\/v2\/comments?post=524"}],"version-history":[{"count":24,"href":"https:\/\/tpshowcase.supserv.cozmoslabs.com\/es\/wp-json\/wp\/v2\/pages\/524\/revisions"}],"predecessor-version":[{"id":763,"href":"https:\/\/tpshowcase.supserv.cozmoslabs.com\/es\/wp-json\/wp\/v2\/pages\/524\/revisions\/763"}],"wp:attachment":[{"href":"https:\/\/tpshowcase.supserv.cozmoslabs.com\/es\/wp-json\/wp\/v2\/media?parent=524"}],"curies":[{"name":"wp","href":"https:\/\/api.w.org\/{rel}","templated":true}]}}