{"id":520,"date":"2025-08-06T10:39:23","date_gmt":"2025-08-06T10:39:23","guid":{"rendered":"https:\/\/tpshowcase.supserv.cozmoslabs.com\/?page_id=520"},"modified":"2025-10-22T13:41:47","modified_gmt":"2025-10-22T13:41:47","slug":"commercial-renovation","status":"publish","type":"page","link":"https:\/\/tpshowcase.supserv.cozmoslabs.com\/es\/commercial-renovation\/","title":{"rendered":"Renovaciones comerciales"},"content":{"rendered":"<div data-elementor-type=\"wp-page\" data-elementor-id=\"520\" class=\"elementor elementor-520\" data-elementor-post-type=\"page\">\n\t\t\t\t<div class=\"elementor-element elementor-element-bd2b9c3 e-flex e-con-boxed e-con e-parent\" data-id=\"bd2b9c3\" data-element_type=\"container\" data-e-type=\"container\" data-settings=\"{&quot;background_background&quot;:&quot;classic&quot;}\">\n\t\t\t\t\t<div class=\"e-con-inner\">\n\t\t<div class=\"elementor-element elementor-element-ad4f54d e-con-full e-flex e-con e-child\" data-id=\"ad4f54d\" data-element_type=\"container\" data-e-type=\"container\">\n\t\t\t\t<div class=\"elementor-element elementor-element-b7b0374 elementor-widget elementor-widget-heading\" data-id=\"b7b0374\" data-element_type=\"widget\" data-e-type=\"widget\" data-widget_type=\"heading.default\">\n\t\t\t\t<div class=\"elementor-widget-container\">\n\t\t\t\t\t<h1 class=\"elementor-heading-title elementor-size-default\">Renovaciones comerciales<\/h1>\t\t\t\t<\/div>\n\t\t\t\t<\/div>\n\t\t\t\t<\/div>\n\t\t\t\t\t<\/div>\n\t\t\t\t<\/div>\n\t\t<div class=\"elementor-element elementor-element-b4b0cf6 e-flex e-con-boxed e-con e-parent\" data-id=\"b4b0cf6\" data-element_type=\"container\" data-e-type=\"container\" data-settings=\"{&quot;background_background&quot;:&quot;classic&quot;}\">\n\t\t\t\t\t<div class=\"e-con-inner\">\n\t\t<div class=\"elementor-element elementor-element-f00742e e-grid e-con-full e-con e-child\" data-id=\"f00742e\" data-element_type=\"container\" data-e-type=\"container\" data-settings=\"{&quot;background_background&quot;:&quot;classic&quot;}\">\n\t\t<div class=\"elementor-element elementor-element-552c8e2 e-con-full e-flex e-con e-child\" data-id=\"552c8e2\" data-element_type=\"container\" data-e-type=\"container\">\n\t\t\t\t<div class=\"elementor-element elementor-element-f78554a elementor-widget elementor-widget-heading\" data-id=\"f78554a\" data-element_type=\"widget\" data-e-type=\"widget\" data-widget_type=\"heading.default\">\n\t\t\t\t<div class=\"elementor-widget-container\">\n\t\t\t\t\t<h2 class=\"elementor-heading-title elementor-size-default\">Espacios comerciales que inspiran productividad<\/h2>\t\t\t\t<\/div>\n\t\t\t\t<\/div>\n\t\t\t\t<div class=\"elementor-element elementor-element-66ab318 elementor-widget elementor-widget-text-editor\" data-id=\"66ab318\" data-element_type=\"widget\" data-e-type=\"widget\" data-widget_type=\"text-editor.default\">\n\t\t\t\t<div class=\"elementor-widget-container\">\n\t\t\t\t\t\t\t\t\t<p>Nuestro servicio de renovaci\u00f3n comercial se centra en redefinir los espacios existentes para adaptarlos mejor a sus objetivos empresariales. Colaboramos con clientes de diversos sectores, desde el comercio minorista a la hosteler\u00eda, pasando por las oficinas, para dise\u00f1ar entornos que se ajusten a la identidad de la marca, el bienestar de los empleados y la experiencia del cliente.<\/p><p><br \/>Nuestro equipo combina la experiencia arquitect\u00f3nica con el pensamiento de dise\u00f1o pr\u00e1ctico para optimizar los dise\u00f1os, mejorar la eficiencia energ\u00e9tica y actualizar la est\u00e9tica. Nos encargamos de todo, desde el desarrollo del concepto y los permisos hasta la selecci\u00f3n de materiales y la supervisi\u00f3n del proyecto, garantizando un proceso de renovaci\u00f3n fluido con una interrupci\u00f3n m\u00ednima de las operaciones.<\/p><p><br \/>El resultado: espacios inspiradores y modernos que causan una impresi\u00f3n duradera y favorecen el \u00e9xito a largo plazo.<\/p>\t\t\t\t\t\t\t\t<\/div>\n\t\t\t\t<\/div>\n\t\t\t\t<div class=\"elementor-element elementor-element-65a493e elementor-widget elementor-widget-button\" data-id=\"65a493e\" data-element_type=\"widget\" data-e-type=\"widget\" data-widget_type=\"button.default\">\n\t\t\t\t<div class=\"elementor-widget-container\">\n\t\t\t\t\t\t\t\t\t<div class=\"elementor-button-wrapper\">\n\t\t\t\t\t<a class=\"elementor-button elementor-button-link elementor-size-sm\" href=\"https:\/\/tpshowcase.supserv.cozmoslabs.com\/es\/contact\/\">\n\t\t\t\t\t\t<span class=\"elementor-button-content-wrapper\">\n\t\t\t\t\t\t\t\t\t<span class=\"elementor-button-text\">Solicitar presupuesto<\/span>\n\t\t\t\t\t<\/span>\n\t\t\t\t\t<\/a>\n\t\t\t\t<\/div>\n\t\t\t\t\t\t\t\t<\/div>\n\t\t\t\t<\/div>\n\t\t\t\t<\/div>\n\t\t<div class=\"elementor-element elementor-element-218d0a4 e-con-full e-flex e-con e-child\" data-id=\"218d0a4\" data-element_type=\"container\" data-e-type=\"container\">\n\t\t\t\t<div class=\"elementor-element elementor-element-d5d6212 elementor-widget elementor-widget-image\" data-id=\"d5d6212\" data-element_type=\"widget\" data-e-type=\"widget\" data-widget_type=\"image.default\">\n\t\t\t\t<div class=\"elementor-widget-container\">\n\t\t\t\t\t\t\t\t\t\t\t\t\t\t\t<img fetchpriority=\"high\" decoding=\"async\" width=\"683\" height=\"1024\" src=\"https:\/\/tpshowcase.supserv.cozmoslabs.com\/wp-content\/uploads\/2025\/10\/low-angle-view-modern-building-with-wooden-walls-blue-windows-white-lamp-lights-683x1024.jpg\" class=\"attachment-large size-large wp-image-654\" alt=\"\" srcset=\"https:\/\/tpshowcase.supserv.cozmoslabs.com\/wp-content\/uploads\/2025\/10\/low-angle-view-modern-building-with-wooden-walls-blue-windows-white-lamp-lights-683x1024.jpg 683w, https:\/\/tpshowcase.supserv.cozmoslabs.com\/wp-content\/uploads\/2025\/10\/low-angle-view-modern-building-with-wooden-walls-blue-windows-white-lamp-lights-200x300.jpg 200w, https:\/\/tpshowcase.supserv.cozmoslabs.com\/wp-content\/uploads\/2025\/10\/low-angle-view-modern-building-with-wooden-walls-blue-windows-white-lamp-lights-768x1152.jpg 768w, https:\/\/tpshowcase.supserv.cozmoslabs.com\/wp-content\/uploads\/2025\/10\/low-angle-view-modern-building-with-wooden-walls-blue-windows-white-lamp-lights-1024x1536.jpg 1024w, https:\/\/tpshowcase.supserv.cozmoslabs.com\/wp-content\/uploads\/2025\/10\/low-angle-view-modern-building-with-wooden-walls-blue-windows-white-lamp-lights-1365x2048.jpg 1365w, https:\/\/tpshowcase.supserv.cozmoslabs.com\/wp-content\/uploads\/2025\/10\/low-angle-view-modern-building-with-wooden-walls-blue-windows-white-lamp-lights-8x12.jpg 8w, https:\/\/tpshowcase.supserv.cozmoslabs.com\/wp-content\/uploads\/2025\/10\/low-angle-view-modern-building-with-wooden-walls-blue-windows-white-lamp-lights-600x900.jpg 600w, https:\/\/tpshowcase.supserv.cozmoslabs.com\/wp-content\/uploads\/2025\/10\/low-angle-view-modern-building-with-wooden-walls-blue-windows-white-lamp-lights-scaled.jpg 1707w\" sizes=\"(max-width: 683px) 100vw, 683px\" \/>\t\t\t\t\t\t\t\t\t\t\t\t\t\t\t<\/div>\n\t\t\t\t<\/div>\n\t\t\t\t<\/div>\n\t\t\t\t<\/div>\n\t\t\t\t\t<\/div>\n\t\t\t\t<\/div>\n\t\t<div class=\"elementor-element elementor-element-c009f55 e-flex e-con-boxed e-con e-parent\" data-id=\"c009f55\" data-element_type=\"container\" data-e-type=\"container\" data-settings=\"{&quot;background_background&quot;:&quot;classic&quot;}\">\n\t\t\t\t\t<div class=\"e-con-inner\">\n\t\t<div class=\"elementor-element elementor-element-b288576 e-con-full e-flex e-con e-child\" data-id=\"b288576\" data-element_type=\"container\" data-e-type=\"container\" data-settings=\"{&quot;background_background&quot;:&quot;classic&quot;}\">\n\t\t\t\t<div class=\"elementor-element elementor-element-280354b elementor-widget elementor-widget-heading\" data-id=\"280354b\" data-element_type=\"widget\" data-e-type=\"widget\" data-widget_type=\"heading.default\">\n\t\t\t\t<div class=\"elementor-widget-container\">\n\t\t\t\t\t<h2 class=\"elementor-heading-title elementor-size-default\">\u00bfListo para empezar su proyecto?<\/h2>\t\t\t\t<\/div>\n\t\t\t\t<\/div>\n\t\t\t\t<div class=\"elementor-element elementor-element-351ec35 elementor-widget elementor-widget-text-editor\" data-id=\"351ec35\" data-element_type=\"widget\" data-e-type=\"widget\" data-widget_type=\"text-editor.default\">\n\t\t\t\t<div class=\"elementor-widget-container\">\n\t\t\t\t\t\t\t\t\t<p>Tanto si busca una casa a medida como una reforma comercial, estamos aqu\u00ed para ayudarle a hacer realidad su visi\u00f3n.<\/p>\t\t\t\t\t\t\t\t<\/div>\n\t\t\t\t<\/div>\n\t\t\t\t<div class=\"elementor-element elementor-element-bb2ed94 elementor-align-center elementor-widget elementor-widget-button\" data-id=\"bb2ed94\" data-element_type=\"widget\" data-e-type=\"widget\" data-widget_type=\"button.default\">\n\t\t\t\t<div class=\"elementor-widget-container\">\n\t\t\t\t\t\t\t\t\t<div class=\"elementor-button-wrapper\">\n\t\t\t\t\t<a class=\"elementor-button elementor-button-link elementor-size-sm\" href=\"https:\/\/tpvideo.supserv.cozmoslabs.com\/services\/\">\n\t\t\t\t\t\t<span class=\"elementor-button-content-wrapper\">\n\t\t\t\t\t\t\t\t\t<span class=\"elementor-button-text\">M\u00e1s informaci\u00f3n<\/span>\n\t\t\t\t\t<\/span>\n\t\t\t\t\t<\/a>\n\t\t\t\t<\/div>\n\t\t\t\t\t\t\t\t<\/div>\n\t\t\t\t<\/div>\n\t\t\t\t<\/div>\n\t\t\t\t\t<\/div>\n\t\t\t\t<\/div>\n\t\t\t\t<\/div>","protected":false},"excerpt":{"rendered":"<p>Commercial Renovations Commercial Spaces That Inspire Productivity Our Commercial Renovation service focuses on redefining existing spaces to better suit your business goals. We collaborate with clients from various industries \u2014 from retail to hospitality to office spaces \u2014 to design environments that align with brand identity, employee well-being, and customer experience. Our team combines architectural [&hellip;]<\/p>\n","protected":false},"author":6,"featured_media":0,"parent":0,"menu_order":0,"comment_status":"closed","ping_status":"closed","template":"elementor_header_footer","meta":{"footnotes":""},"class_list":["post-520","page","type-page","status-publish","hentry"],"yoast_head":"<!-- This site is optimized with the Yoast SEO plugin v27.5 - https:\/\/yoast.com\/product\/yoast-seo-wordpress\/ -->\n<title>Commercial Renovations - Architect studio<\/title>\n<meta name=\"robots\" content=\"noindex, follow, max-snippet:-1, max-image-preview:large, max-video-preview:-1\" \/>\n<meta property=\"og:locale\" content=\"es_ES\" \/>\n<meta property=\"og:type\" content=\"article\" \/>\n<meta property=\"og:title\" content=\"Commercial Renovations - Architect studio\" \/>\n<meta property=\"og:description\" content=\"Commercial Renovations Commercial Spaces That Inspire Productivity Our Commercial Renovation service focuses on redefining existing spaces to better suit your business goals. We collaborate with clients from various industries \u2014 from retail to hospitality to office spaces \u2014 to design environments that align with brand identity, employee well-being, and customer experience. Our team combines architectural [&hellip;]\" \/>\n<meta property=\"og:url\" content=\"https:\/\/tpshowcase.supserv.cozmoslabs.com\/es\/commercial-renovation\/\" \/>\n<meta property=\"og:site_name\" content=\"Architect studio\" \/>\n<meta property=\"article:modified_time\" content=\"2025-10-22T13:41:47+00:00\" \/>\n<meta property=\"og:image\" content=\"https:\/\/tpshowcase.supserv.cozmoslabs.com\/wp-content\/uploads\/2025\/10\/low-angle-view-modern-building-with-wooden-walls-blue-windows-white-lamp-lights-683x1024.jpg\" \/>\n<meta name=\"twitter:card\" content=\"summary_large_image\" \/>\n<meta name=\"twitter:label1\" content=\"Tiempo de lectura\" \/>\n\t<meta name=\"twitter:data1\" content=\"1 minuto\" \/>\n<script type=\"application\/ld+json\" class=\"yoast-schema-graph\">{\"@context\":\"https:\\\/\\\/schema.org\",\"@graph\":[{\"@type\":\"WebPage\",\"@id\":\"https:\\\/\\\/tpshowcase.supserv.cozmoslabs.com\\\/commercial-renovation\\\/\",\"url\":\"https:\\\/\\\/tpshowcase.supserv.cozmoslabs.com\\\/commercial-renovation\\\/\",\"name\":\"Commercial Renovations - Architect studio\",\"isPartOf\":{\"@id\":\"https:\\\/\\\/tpshowcase.supserv.cozmoslabs.com\\\/#website\"},\"primaryImageOfPage\":{\"@id\":\"https:\\\/\\\/tpshowcase.supserv.cozmoslabs.com\\\/commercial-renovation\\\/#primaryimage\"},\"image\":{\"@id\":\"https:\\\/\\\/tpshowcase.supserv.cozmoslabs.com\\\/commercial-renovation\\\/#primaryimage\"},\"thumbnailUrl\":\"https:\\\/\\\/tpshowcase.supserv.cozmoslabs.com\\\/wp-content\\\/uploads\\\/2025\\\/10\\\/low-angle-view-modern-building-with-wooden-walls-blue-windows-white-lamp-lights-683x1024.jpg\",\"datePublished\":\"2025-08-06T10:39:23+00:00\",\"dateModified\":\"2025-10-22T13:41:47+00:00\",\"breadcrumb\":{\"@id\":\"https:\\\/\\\/tpshowcase.supserv.cozmoslabs.com\\\/commercial-renovation\\\/#breadcrumb\"},\"inLanguage\":\"es\",\"potentialAction\":[{\"@type\":\"ReadAction\",\"target\":[\"https:\\\/\\\/tpshowcase.supserv.cozmoslabs.com\\\/commercial-renovation\\\/\"]}]},{\"@type\":\"ImageObject\",\"inLanguage\":\"es\",\"@id\":\"https:\\\/\\\/tpshowcase.supserv.cozmoslabs.com\\\/commercial-renovation\\\/#primaryimage\",\"url\":\"https:\\\/\\\/tpshowcase.supserv.cozmoslabs.com\\\/wp-content\\\/uploads\\\/2025\\\/10\\\/low-angle-view-modern-building-with-wooden-walls-blue-windows-white-lamp-lights-683x1024.jpg\",\"contentUrl\":\"https:\\\/\\\/tpshowcase.supserv.cozmoslabs.com\\\/wp-content\\\/uploads\\\/2025\\\/10\\\/low-angle-view-modern-building-with-wooden-walls-blue-windows-white-lamp-lights-683x1024.jpg\"},{\"@type\":\"BreadcrumbList\",\"@id\":\"https:\\\/\\\/tpshowcase.supserv.cozmoslabs.com\\\/commercial-renovation\\\/#breadcrumb\",\"itemListElement\":[{\"@type\":\"ListItem\",\"position\":1,\"name\":\"Home\",\"item\":\"https:\\\/\\\/tpshowcase.supserv.cozmoslabs.com\\\/\"},{\"@type\":\"ListItem\",\"position\":2,\"name\":\"Commercial Renovations\"}]},{\"@type\":\"WebSite\",\"@id\":\"https:\\\/\\\/tpshowcase.supserv.cozmoslabs.com\\\/#website\",\"url\":\"https:\\\/\\\/tpshowcase.supserv.cozmoslabs.com\\\/\",\"name\":\"Architect studio\",\"description\":\"\",\"potentialAction\":[{\"@type\":\"SearchAction\",\"target\":{\"@type\":\"EntryPoint\",\"urlTemplate\":\"https:\\\/\\\/tpshowcase.supserv.cozmoslabs.com\\\/?s={search_term_string}\"},\"query-input\":{\"@type\":\"PropertyValueSpecification\",\"valueRequired\":true,\"valueName\":\"search_term_string\"}}],\"inLanguage\":\"es\"}]}<\/script>\n<!-- \/ Yoast SEO plugin. -->","yoast_head_json":{"title":"Commercial Renovations - Architect studio","robots":{"index":"noindex","follow":"follow","max-snippet":"max-snippet:-1","max-image-preview":"max-image-preview:large","max-video-preview":"max-video-preview:-1"},"og_locale":"es_ES","og_type":"article","og_title":"Commercial Renovations - Architect studio","og_description":"Commercial Renovations Commercial Spaces That Inspire Productivity Our Commercial Renovation service focuses on redefining existing spaces to better suit your business goals. We collaborate with clients from various industries \u2014 from retail to hospitality to office spaces \u2014 to design environments that align with brand identity, employee well-being, and customer experience. Our team combines architectural [&hellip;]","og_url":"https:\/\/tpshowcase.supserv.cozmoslabs.com\/es\/commercial-renovation\/","og_site_name":"Architect studio","article_modified_time":"2025-10-22T13:41:47+00:00","og_image":[{"url":"https:\/\/tpshowcase.supserv.cozmoslabs.com\/wp-content\/uploads\/2025\/10\/low-angle-view-modern-building-with-wooden-walls-blue-windows-white-lamp-lights-683x1024.jpg","type":"","width":"","height":""}],"twitter_card":"summary_large_image","twitter_misc":{"Tiempo de lectura":"1 minuto"},"schema":{"@context":"https:\/\/schema.org","@graph":[{"@type":"WebPage","@id":"https:\/\/tpshowcase.supserv.cozmoslabs.com\/commercial-renovation\/","url":"https:\/\/tpshowcase.supserv.cozmoslabs.com\/commercial-renovation\/","name":"Commercial Renovations - Architect studio","isPartOf":{"@id":"https:\/\/tpshowcase.supserv.cozmoslabs.com\/#website"},"primaryImageOfPage":{"@id":"https:\/\/tpshowcase.supserv.cozmoslabs.com\/commercial-renovation\/#primaryimage"},"image":{"@id":"https:\/\/tpshowcase.supserv.cozmoslabs.com\/commercial-renovation\/#primaryimage"},"thumbnailUrl":"https:\/\/tpshowcase.supserv.cozmoslabs.com\/wp-content\/uploads\/2025\/10\/low-angle-view-modern-building-with-wooden-walls-blue-windows-white-lamp-lights-683x1024.jpg","datePublished":"2025-08-06T10:39:23+00:00","dateModified":"2025-10-22T13:41:47+00:00","breadcrumb":{"@id":"https:\/\/tpshowcase.supserv.cozmoslabs.com\/commercial-renovation\/#breadcrumb"},"inLanguage":"es","potentialAction":[{"@type":"ReadAction","target":["https:\/\/tpshowcase.supserv.cozmoslabs.com\/commercial-renovation\/"]}]},{"@type":"ImageObject","inLanguage":"es","@id":"https:\/\/tpshowcase.supserv.cozmoslabs.com\/commercial-renovation\/#primaryimage","url":"https:\/\/tpshowcase.supserv.cozmoslabs.com\/wp-content\/uploads\/2025\/10\/low-angle-view-modern-building-with-wooden-walls-blue-windows-white-lamp-lights-683x1024.jpg","contentUrl":"https:\/\/tpshowcase.supserv.cozmoslabs.com\/wp-content\/uploads\/2025\/10\/low-angle-view-modern-building-with-wooden-walls-blue-windows-white-lamp-lights-683x1024.jpg"},{"@type":"BreadcrumbList","@id":"https:\/\/tpshowcase.supserv.cozmoslabs.com\/commercial-renovation\/#breadcrumb","itemListElement":[{"@type":"ListItem","position":1,"name":"Home","item":"https:\/\/tpshowcase.supserv.cozmoslabs.com\/"},{"@type":"ListItem","position":2,"name":"Commercial Renovations"}]},{"@type":"WebSite","@id":"https:\/\/tpshowcase.supserv.cozmoslabs.com\/#website","url":"https:\/\/tpshowcase.supserv.cozmoslabs.com\/","name":"Estudio de arquitectura","description":"","potentialAction":[{"@type":"SearchAction","target":{"@type":"EntryPoint","urlTemplate":"https:\/\/tpshowcase.supserv.cozmoslabs.com\/?s={search_term_string}"},"query-input":{"@type":"PropertyValueSpecification","valueRequired":true,"valueName":"search_term_string"}}],"inLanguage":"es"}]}},"_links":{"self":[{"href":"https:\/\/tpshowcase.supserv.cozmoslabs.com\/es\/wp-json\/wp\/v2\/pages\/520","targetHints":{"allow":["GET"]}}],"collection":[{"href":"https:\/\/tpshowcase.supserv.cozmoslabs.com\/es\/wp-json\/wp\/v2\/pages"}],"about":[{"href":"https:\/\/tpshowcase.supserv.cozmoslabs.com\/es\/wp-json\/wp\/v2\/types\/page"}],"author":[{"embeddable":true,"href":"https:\/\/tpshowcase.supserv.cozmoslabs.com\/es\/wp-json\/wp\/v2\/users\/6"}],"replies":[{"embeddable":true,"href":"https:\/\/tpshowcase.supserv.cozmoslabs.com\/es\/wp-json\/wp\/v2\/comments?post=520"}],"version-history":[{"count":14,"href":"https:\/\/tpshowcase.supserv.cozmoslabs.com\/es\/wp-json\/wp\/v2\/pages\/520\/revisions"}],"predecessor-version":[{"id":766,"href":"https:\/\/tpshowcase.supserv.cozmoslabs.com\/es\/wp-json\/wp\/v2\/pages\/520\/revisions\/766"}],"wp:attachment":[{"href":"https:\/\/tpshowcase.supserv.cozmoslabs.com\/es\/wp-json\/wp\/v2\/media?parent=520"}],"curies":[{"name":"wp","href":"https:\/\/api.w.org\/{rel}","templated":true}]}}