{"id":518,"date":"2025-08-06T10:38:58","date_gmt":"2025-08-06T10:38:58","guid":{"rendered":"https:\/\/tpshowcase.supserv.cozmoslabs.com\/?page_id=518"},"modified":"2025-10-22T13:34:39","modified_gmt":"2025-10-22T13:34:39","slug":"services","status":"publish","type":"page","link":"https:\/\/tpshowcase.supserv.cozmoslabs.com\/es\/services\/","title":{"rendered":"Servicios"},"content":{"rendered":"<div data-elementor-type=\"wp-page\" data-elementor-id=\"518\" class=\"elementor elementor-518\" data-elementor-post-type=\"page\">\n\t\t\t\t<div class=\"elementor-element elementor-element-30f9100 e-flex e-con-boxed e-con e-parent\" data-id=\"30f9100\" data-element_type=\"container\" data-e-type=\"container\" data-settings=\"{&quot;background_background&quot;:&quot;classic&quot;}\">\n\t\t\t\t\t<div class=\"e-con-inner\">\n\t\t<div class=\"elementor-element elementor-element-a4d767e e-con-full e-flex e-con e-child\" data-id=\"a4d767e\" data-element_type=\"container\" data-e-type=\"container\">\n\t\t\t\t<div class=\"elementor-element elementor-element-e57ddce elementor-widget elementor-widget-heading\" data-id=\"e57ddce\" data-element_type=\"widget\" data-e-type=\"widget\" data-widget_type=\"heading.default\">\n\t\t\t\t<div class=\"elementor-widget-container\">\n\t\t\t\t\t<h1 class=\"elementor-heading-title elementor-size-default\">Servicios<\/h1>\t\t\t\t<\/div>\n\t\t\t\t<\/div>\n\t\t\t\t<\/div>\n\t\t\t\t\t<\/div>\n\t\t\t\t<\/div>\n\t\t<div class=\"elementor-element elementor-element-004cdbd e-flex e-con-boxed e-con e-parent\" data-id=\"004cdbd\" data-element_type=\"container\" data-e-type=\"container\" data-settings=\"{&quot;background_background&quot;:&quot;classic&quot;}\">\n\t\t\t\t\t<div class=\"e-con-inner\">\n\t\t<div class=\"elementor-element elementor-element-bc6d6bd e-grid e-con-full e-con e-child\" data-id=\"bc6d6bd\" data-element_type=\"container\" data-e-type=\"container\">\n\t\t<div class=\"elementor-element elementor-element-ef789aa e-con-full e-flex e-con e-child\" data-id=\"ef789aa\" data-element_type=\"container\" data-e-type=\"container\" data-settings=\"{&quot;background_background&quot;:&quot;classic&quot;}\">\n\t\t\t\t<div class=\"elementor-element elementor-element-d50df70 elementor-widget elementor-widget-image\" data-id=\"d50df70\" data-element_type=\"widget\" data-e-type=\"widget\" data-widget_type=\"image.default\">\n\t\t\t\t<div class=\"elementor-widget-container\">\n\t\t\t\t\t\t\t\t\t\t\t\t\t\t\t<img fetchpriority=\"high\" decoding=\"async\" width=\"800\" height=\"527\" src=\"https:\/\/tpshowcase.supserv.cozmoslabs.com\/wp-content\/uploads\/2025\/10\/outdoor-indoor-living-space-1024x675.jpg\" class=\"attachment-large size-large wp-image-619\" alt=\"\" srcset=\"https:\/\/tpshowcase.supserv.cozmoslabs.com\/wp-content\/uploads\/2025\/10\/outdoor-indoor-living-space-1024x675.jpg 1024w, https:\/\/tpshowcase.supserv.cozmoslabs.com\/wp-content\/uploads\/2025\/10\/outdoor-indoor-living-space-300x198.jpg 300w, https:\/\/tpshowcase.supserv.cozmoslabs.com\/wp-content\/uploads\/2025\/10\/outdoor-indoor-living-space-768x506.jpg 768w, https:\/\/tpshowcase.supserv.cozmoslabs.com\/wp-content\/uploads\/2025\/10\/outdoor-indoor-living-space-18x12.jpg 18w, https:\/\/tpshowcase.supserv.cozmoslabs.com\/wp-content\/uploads\/2025\/10\/outdoor-indoor-living-space-600x396.jpg 600w, https:\/\/tpshowcase.supserv.cozmoslabs.com\/wp-content\/uploads\/2025\/10\/outdoor-indoor-living-space.jpg 1200w\" sizes=\"(max-width: 800px) 100vw, 800px\" \/>\t\t\t\t\t\t\t\t\t\t\t\t\t\t\t<\/div>\n\t\t\t\t<\/div>\n\t\t<div class=\"elementor-element elementor-element-1cb9fc4 e-con-full e-flex e-con e-child\" data-id=\"1cb9fc4\" data-element_type=\"container\" data-e-type=\"container\">\n\t\t\t\t<div class=\"elementor-element elementor-element-c1a5941 elementor-widget elementor-widget-heading\" data-id=\"c1a5941\" data-element_type=\"widget\" data-e-type=\"widget\" data-widget_type=\"heading.default\">\n\t\t\t\t<div class=\"elementor-widget-container\">\n\t\t\t\t\t<h2 class=\"elementor-heading-title elementor-size-default\">Dise\u00f1o de casas a medida<\/h2>\t\t\t\t<\/div>\n\t\t\t\t<\/div>\n\t\t\t\t<div class=\"elementor-element elementor-element-b53ab0a elementor-widget elementor-widget-text-editor\" data-id=\"b53ab0a\" data-element_type=\"widget\" data-e-type=\"widget\" data-widget_type=\"text-editor.default\">\n\t\t\t\t<div class=\"elementor-widget-container\">\n\t\t\t\t\t\t\t\t\t<p>Dise\u00f1amos casas a medida que reflejan su estilo de vida, gusto y visi\u00f3n, combinando creatividad y funcionalidad para crear espacios en los que le encantar\u00e1 vivir.<\/p>\t\t\t\t\t\t\t\t<\/div>\n\t\t\t\t<\/div>\n\t\t\t\t<div class=\"elementor-element elementor-element-471d47a elementor-widget elementor-widget-button\" data-id=\"471d47a\" data-element_type=\"widget\" data-e-type=\"widget\" data-widget_type=\"button.default\">\n\t\t\t\t<div class=\"elementor-widget-container\">\n\t\t\t\t\t\t\t\t\t<div class=\"elementor-button-wrapper\">\n\t\t\t\t\t<a class=\"elementor-button elementor-button-link elementor-size-sm\" href=\"https:\/\/tpshowcase.supserv.cozmoslabs.com\/es\/home-design\/\">\n\t\t\t\t\t\t<span class=\"elementor-button-content-wrapper\">\n\t\t\t\t\t\t\t\t\t<span class=\"elementor-button-text\">M\u00e1s informaci\u00f3n<\/span>\n\t\t\t\t\t<\/span>\n\t\t\t\t\t<\/a>\n\t\t\t\t<\/div>\n\t\t\t\t\t\t\t\t<\/div>\n\t\t\t\t<\/div>\n\t\t\t\t<\/div>\n\t\t\t\t<\/div>\n\t\t<div class=\"elementor-element elementor-element-8b6d4cf e-con-full e-flex e-con e-child\" data-id=\"8b6d4cf\" data-element_type=\"container\" data-e-type=\"container\" data-settings=\"{&quot;background_background&quot;:&quot;classic&quot;}\">\n\t\t\t\t<div class=\"elementor-element elementor-element-7eec536 elementor-widget elementor-widget-image\" data-id=\"7eec536\" data-element_type=\"widget\" data-e-type=\"widget\" data-widget_type=\"image.default\">\n\t\t\t\t<div class=\"elementor-widget-container\">\n\t\t\t\t\t\t\t\t\t\t\t\t\t\t\t<img decoding=\"async\" width=\"800\" height=\"533\" src=\"https:\/\/tpshowcase.supserv.cozmoslabs.com\/wp-content\/uploads\/2025\/10\/image-result-for-sitewww-avantisystemsusa-com-off-3.jpeg\" class=\"attachment-large size-large wp-image-618\" alt=\"\" srcset=\"https:\/\/tpshowcase.supserv.cozmoslabs.com\/wp-content\/uploads\/2025\/10\/image-result-for-sitewww-avantisystemsusa-com-off-3.jpeg 963w, https:\/\/tpshowcase.supserv.cozmoslabs.com\/wp-content\/uploads\/2025\/10\/image-result-for-sitewww-avantisystemsusa-com-off-3-300x200.jpeg 300w, https:\/\/tpshowcase.supserv.cozmoslabs.com\/wp-content\/uploads\/2025\/10\/image-result-for-sitewww-avantisystemsusa-com-off-3-768x512.jpeg 768w, https:\/\/tpshowcase.supserv.cozmoslabs.com\/wp-content\/uploads\/2025\/10\/image-result-for-sitewww-avantisystemsusa-com-off-3-18x12.jpeg 18w, https:\/\/tpshowcase.supserv.cozmoslabs.com\/wp-content\/uploads\/2025\/10\/image-result-for-sitewww-avantisystemsusa-com-off-3-600x400.jpeg 600w\" sizes=\"(max-width: 800px) 100vw, 800px\" \/>\t\t\t\t\t\t\t\t\t\t\t\t\t\t\t<\/div>\n\t\t\t\t<\/div>\n\t\t<div class=\"elementor-element elementor-element-1cac81d e-con-full e-flex e-con e-child\" data-id=\"1cac81d\" data-element_type=\"container\" data-e-type=\"container\">\n\t\t\t\t<div class=\"elementor-element elementor-element-07c858f elementor-widget elementor-widget-heading\" data-id=\"07c858f\" data-element_type=\"widget\" data-e-type=\"widget\" data-widget_type=\"heading.default\">\n\t\t\t\t<div class=\"elementor-widget-container\">\n\t\t\t\t\t<h2 class=\"elementor-heading-title elementor-size-default\">Renovaci\u00f3n comercial<\/h2>\t\t\t\t<\/div>\n\t\t\t\t<\/div>\n\t\t\t\t<div class=\"elementor-element elementor-element-5bbea5e elementor-widget elementor-widget-text-editor\" data-id=\"5bbea5e\" data-element_type=\"widget\" data-e-type=\"widget\" data-widget_type=\"text-editor.default\">\n\t\t\t\t<div class=\"elementor-widget-container\">\n\t\t\t\t\t\t\t\t\t<p>Transformamos espacios comerciales en entornos funcionales y acogedores que realzan su marca y mejoran la productividad.<\/p>\t\t\t\t\t\t\t\t<\/div>\n\t\t\t\t<\/div>\n\t\t\t\t<div class=\"elementor-element elementor-element-c079e06 elementor-widget elementor-widget-button\" data-id=\"c079e06\" data-element_type=\"widget\" data-e-type=\"widget\" data-widget_type=\"button.default\">\n\t\t\t\t<div class=\"elementor-widget-container\">\n\t\t\t\t\t\t\t\t\t<div class=\"elementor-button-wrapper\">\n\t\t\t\t\t<a class=\"elementor-button elementor-button-link elementor-size-sm\" href=\"https:\/\/tpshowcase.supserv.cozmoslabs.com\/es\/commercial-renovation\/\">\n\t\t\t\t\t\t<span class=\"elementor-button-content-wrapper\">\n\t\t\t\t\t\t\t\t\t<span class=\"elementor-button-text\">M\u00e1s informaci\u00f3n<\/span>\n\t\t\t\t\t<\/span>\n\t\t\t\t\t<\/a>\n\t\t\t\t<\/div>\n\t\t\t\t\t\t\t\t<\/div>\n\t\t\t\t<\/div>\n\t\t\t\t<\/div>\n\t\t\t\t<\/div>\n\t\t\t\t<\/div>\n\t\t\t\t\t<\/div>\n\t\t\t\t<\/div>\n\t\t<div class=\"elementor-element elementor-element-1275de2 e-flex e-con-boxed e-con e-parent\" data-id=\"1275de2\" data-element_type=\"container\" data-e-type=\"container\" data-settings=\"{&quot;background_background&quot;:&quot;classic&quot;}\">\n\t\t\t\t\t<div class=\"e-con-inner\">\n\t\t<div class=\"elementor-element elementor-element-6a9f8c2 e-con-full e-flex e-con e-child\" data-id=\"6a9f8c2\" data-element_type=\"container\" data-e-type=\"container\" data-settings=\"{&quot;background_background&quot;:&quot;classic&quot;}\">\n\t\t\t\t<div class=\"elementor-element elementor-element-07c55cf elementor-widget elementor-widget-heading\" data-id=\"07c55cf\" data-element_type=\"widget\" data-e-type=\"widget\" data-widget_type=\"heading.default\">\n\t\t\t\t<div class=\"elementor-widget-container\">\n\t\t\t\t\t<h2 class=\"elementor-heading-title elementor-size-default\">\u00bfListo para empezar su proyecto?<\/h2>\t\t\t\t<\/div>\n\t\t\t\t<\/div>\n\t\t\t\t<div class=\"elementor-element elementor-element-c603915 elementor-widget elementor-widget-text-editor\" data-id=\"c603915\" data-element_type=\"widget\" data-e-type=\"widget\" data-widget_type=\"text-editor.default\">\n\t\t\t\t<div class=\"elementor-widget-container\">\n\t\t\t\t\t\t\t\t\t<p>Tanto si busca una casa a medida como una reforma comercial, estamos aqu\u00ed para ayudarle a hacer realidad su visi\u00f3n.<\/p>\t\t\t\t\t\t\t\t<\/div>\n\t\t\t\t<\/div>\n\t\t\t\t<div class=\"elementor-element elementor-element-f05b846 elementor-align-center elementor-widget elementor-widget-button\" data-id=\"f05b846\" data-element_type=\"widget\" data-e-type=\"widget\" data-widget_type=\"button.default\">\n\t\t\t\t<div class=\"elementor-widget-container\">\n\t\t\t\t\t\t\t\t\t<div class=\"elementor-button-wrapper\">\n\t\t\t\t\t<a class=\"elementor-button elementor-button-link elementor-size-sm\" href=\"https:\/\/tpshowcase.supserv.cozmoslabs.com\/es\/contact\/\">\n\t\t\t\t\t\t<span class=\"elementor-button-content-wrapper\">\n\t\t\t\t\t\t\t\t\t<span class=\"elementor-button-text\">Solicitar presupuesto<\/span>\n\t\t\t\t\t<\/span>\n\t\t\t\t\t<\/a>\n\t\t\t\t<\/div>\n\t\t\t\t\t\t\t\t<\/div>\n\t\t\t\t<\/div>\n\t\t\t\t<\/div>\n\t\t\t\t\t<\/div>\n\t\t\t\t<\/div>\n\t\t\t\t<\/div>","protected":false},"excerpt":{"rendered":"<p>Services Custom Home Design We design custom homes that reflect your lifestyle, taste, and vision \u2014 blending creativity with functionality for spaces you\u2019ll love to live in. Learn More Commercial Renovation We transform commercial spaces into functional, inviting environments that elevate your brand and enhance productivity. Learn More Ready to start your project? Whether you&#8217;re [&hellip;]<\/p>\n","protected":false},"author":6,"featured_media":0,"parent":0,"menu_order":0,"comment_status":"closed","ping_status":"closed","template":"elementor_header_footer","meta":{"footnotes":""},"class_list":["post-518","page","type-page","status-publish","hentry"],"yoast_head":"<!-- This site is optimized with the Yoast SEO plugin v27.5 - https:\/\/yoast.com\/product\/yoast-seo-wordpress\/ -->\n<title>Services - Architect studio<\/title>\n<meta name=\"robots\" content=\"noindex, follow, max-snippet:-1, max-image-preview:large, max-video-preview:-1\" \/>\n<meta property=\"og:locale\" content=\"es_ES\" \/>\n<meta property=\"og:type\" content=\"article\" \/>\n<meta property=\"og:title\" content=\"Services - Architect studio\" \/>\n<meta property=\"og:description\" content=\"Services Custom Home Design We design custom homes that reflect your lifestyle, taste, and vision \u2014 blending creativity with functionality for spaces you\u2019ll love to live in. Learn More Commercial Renovation We transform commercial spaces into functional, inviting environments that elevate your brand and enhance productivity. Learn More Ready to start your project? Whether you&#8217;re [&hellip;]\" \/>\n<meta property=\"og:url\" content=\"https:\/\/tpshowcase.supserv.cozmoslabs.com\/es\/services\/\" \/>\n<meta property=\"og:site_name\" content=\"Architect studio\" \/>\n<meta property=\"article:modified_time\" content=\"2025-10-22T13:34:39+00:00\" \/>\n<meta property=\"og:image\" content=\"https:\/\/tpshowcase.supserv.cozmoslabs.com\/wp-content\/uploads\/2025\/10\/outdoor-indoor-living-space-1024x675.jpg\" \/>\n<meta name=\"twitter:card\" content=\"summary_large_image\" \/>\n<meta name=\"twitter:label1\" content=\"Tiempo de lectura\" \/>\n\t<meta name=\"twitter:data1\" content=\"1 minuto\" \/>\n<script type=\"application\/ld+json\" class=\"yoast-schema-graph\">{\"@context\":\"https:\\\/\\\/schema.org\",\"@graph\":[{\"@type\":\"WebPage\",\"@id\":\"https:\\\/\\\/tpshowcase.supserv.cozmoslabs.com\\\/services\\\/\",\"url\":\"https:\\\/\\\/tpshowcase.supserv.cozmoslabs.com\\\/services\\\/\",\"name\":\"Services - Architect studio\",\"isPartOf\":{\"@id\":\"https:\\\/\\\/tpshowcase.supserv.cozmoslabs.com\\\/#website\"},\"primaryImageOfPage\":{\"@id\":\"https:\\\/\\\/tpshowcase.supserv.cozmoslabs.com\\\/services\\\/#primaryimage\"},\"image\":{\"@id\":\"https:\\\/\\\/tpshowcase.supserv.cozmoslabs.com\\\/services\\\/#primaryimage\"},\"thumbnailUrl\":\"https:\\\/\\\/tpshowcase.supserv.cozmoslabs.com\\\/wp-content\\\/uploads\\\/2025\\\/10\\\/outdoor-indoor-living-space-1024x675.jpg\",\"datePublished\":\"2025-08-06T10:38:58+00:00\",\"dateModified\":\"2025-10-22T13:34:39+00:00\",\"breadcrumb\":{\"@id\":\"https:\\\/\\\/tpshowcase.supserv.cozmoslabs.com\\\/services\\\/#breadcrumb\"},\"inLanguage\":\"es\",\"potentialAction\":[{\"@type\":\"ReadAction\",\"target\":[\"https:\\\/\\\/tpshowcase.supserv.cozmoslabs.com\\\/services\\\/\"]}]},{\"@type\":\"ImageObject\",\"inLanguage\":\"es\",\"@id\":\"https:\\\/\\\/tpshowcase.supserv.cozmoslabs.com\\\/services\\\/#primaryimage\",\"url\":\"https:\\\/\\\/tpshowcase.supserv.cozmoslabs.com\\\/wp-content\\\/uploads\\\/2025\\\/10\\\/outdoor-indoor-living-space-1024x675.jpg\",\"contentUrl\":\"https:\\\/\\\/tpshowcase.supserv.cozmoslabs.com\\\/wp-content\\\/uploads\\\/2025\\\/10\\\/outdoor-indoor-living-space-1024x675.jpg\"},{\"@type\":\"BreadcrumbList\",\"@id\":\"https:\\\/\\\/tpshowcase.supserv.cozmoslabs.com\\\/services\\\/#breadcrumb\",\"itemListElement\":[{\"@type\":\"ListItem\",\"position\":1,\"name\":\"Home\",\"item\":\"https:\\\/\\\/tpshowcase.supserv.cozmoslabs.com\\\/\"},{\"@type\":\"ListItem\",\"position\":2,\"name\":\"Services\"}]},{\"@type\":\"WebSite\",\"@id\":\"https:\\\/\\\/tpshowcase.supserv.cozmoslabs.com\\\/#website\",\"url\":\"https:\\\/\\\/tpshowcase.supserv.cozmoslabs.com\\\/\",\"name\":\"Architect studio\",\"description\":\"\",\"potentialAction\":[{\"@type\":\"SearchAction\",\"target\":{\"@type\":\"EntryPoint\",\"urlTemplate\":\"https:\\\/\\\/tpshowcase.supserv.cozmoslabs.com\\\/?s={search_term_string}\"},\"query-input\":{\"@type\":\"PropertyValueSpecification\",\"valueRequired\":true,\"valueName\":\"search_term_string\"}}],\"inLanguage\":\"es\"}]}<\/script>\n<!-- \/ Yoast SEO plugin. -->","yoast_head_json":{"title":"Servicios - Estudio de arquitectura","robots":{"index":"noindex","follow":"follow","max-snippet":"max-snippet:-1","max-image-preview":"max-image-preview:large","max-video-preview":"max-video-preview:-1"},"og_locale":"es_ES","og_type":"article","og_title":"Services - Architect studio","og_description":"Services Custom Home Design We design custom homes that reflect your lifestyle, taste, and vision \u2014 blending creativity with functionality for spaces you\u2019ll love to live in. Learn More Commercial Renovation We transform commercial spaces into functional, inviting environments that elevate your brand and enhance productivity. Learn More Ready to start your project? Whether you&#8217;re [&hellip;]","og_url":"https:\/\/tpshowcase.supserv.cozmoslabs.com\/es\/services\/","og_site_name":"Architect studio","article_modified_time":"2025-10-22T13:34:39+00:00","og_image":[{"url":"https:\/\/tpshowcase.supserv.cozmoslabs.com\/wp-content\/uploads\/2025\/10\/outdoor-indoor-living-space-1024x675.jpg","type":"","width":"","height":""}],"twitter_card":"summary_large_image","twitter_misc":{"Tiempo de lectura":"1 minuto"},"schema":{"@context":"https:\/\/schema.org","@graph":[{"@type":"WebPage","@id":"https:\/\/tpshowcase.supserv.cozmoslabs.com\/services\/","url":"https:\/\/tpshowcase.supserv.cozmoslabs.com\/services\/","name":"Servicios - Estudio de arquitectura","isPartOf":{"@id":"https:\/\/tpshowcase.supserv.cozmoslabs.com\/#website"},"primaryImageOfPage":{"@id":"https:\/\/tpshowcase.supserv.cozmoslabs.com\/services\/#primaryimage"},"image":{"@id":"https:\/\/tpshowcase.supserv.cozmoslabs.com\/services\/#primaryimage"},"thumbnailUrl":"https:\/\/tpshowcase.supserv.cozmoslabs.com\/wp-content\/uploads\/2025\/10\/outdoor-indoor-living-space-1024x675.jpg","datePublished":"2025-08-06T10:38:58+00:00","dateModified":"2025-10-22T13:34:39+00:00","breadcrumb":{"@id":"https:\/\/tpshowcase.supserv.cozmoslabs.com\/services\/#breadcrumb"},"inLanguage":"es","potentialAction":[{"@type":"ReadAction","target":["https:\/\/tpshowcase.supserv.cozmoslabs.com\/services\/"]}]},{"@type":"ImageObject","inLanguage":"es","@id":"https:\/\/tpshowcase.supserv.cozmoslabs.com\/services\/#primaryimage","url":"https:\/\/tpshowcase.supserv.cozmoslabs.com\/wp-content\/uploads\/2025\/10\/outdoor-indoor-living-space-1024x675.jpg","contentUrl":"https:\/\/tpshowcase.supserv.cozmoslabs.com\/wp-content\/uploads\/2025\/10\/outdoor-indoor-living-space-1024x675.jpg"},{"@type":"BreadcrumbList","@id":"https:\/\/tpshowcase.supserv.cozmoslabs.com\/services\/#breadcrumb","itemListElement":[{"@type":"ListItem","position":1,"name":"Home","item":"https:\/\/tpshowcase.supserv.cozmoslabs.com\/"},{"@type":"ListItem","position":2,"name":"Services"}]},{"@type":"WebSite","@id":"https:\/\/tpshowcase.supserv.cozmoslabs.com\/#website","url":"https:\/\/tpshowcase.supserv.cozmoslabs.com\/","name":"Estudio de arquitectura","description":"","potentialAction":[{"@type":"SearchAction","target":{"@type":"EntryPoint","urlTemplate":"https:\/\/tpshowcase.supserv.cozmoslabs.com\/?s={search_term_string}"},"query-input":{"@type":"PropertyValueSpecification","valueRequired":true,"valueName":"search_term_string"}}],"inLanguage":"es"}]}},"_links":{"self":[{"href":"https:\/\/tpshowcase.supserv.cozmoslabs.com\/es\/wp-json\/wp\/v2\/pages\/518","targetHints":{"allow":["GET"]}}],"collection":[{"href":"https:\/\/tpshowcase.supserv.cozmoslabs.com\/es\/wp-json\/wp\/v2\/pages"}],"about":[{"href":"https:\/\/tpshowcase.supserv.cozmoslabs.com\/es\/wp-json\/wp\/v2\/types\/page"}],"author":[{"embeddable":true,"href":"https:\/\/tpshowcase.supserv.cozmoslabs.com\/es\/wp-json\/wp\/v2\/users\/6"}],"replies":[{"embeddable":true,"href":"https:\/\/tpshowcase.supserv.cozmoslabs.com\/es\/wp-json\/wp\/v2\/comments?post=518"}],"version-history":[{"count":25,"href":"https:\/\/tpshowcase.supserv.cozmoslabs.com\/es\/wp-json\/wp\/v2\/pages\/518\/revisions"}],"predecessor-version":[{"id":760,"href":"https:\/\/tpshowcase.supserv.cozmoslabs.com\/es\/wp-json\/wp\/v2\/pages\/518\/revisions\/760"}],"wp:attachment":[{"href":"https:\/\/tpshowcase.supserv.cozmoslabs.com\/es\/wp-json\/wp\/v2\/media?parent=518"}],"curies":[{"name":"wp","href":"https:\/\/api.w.org\/{rel}","templated":true}]}}